{"id":870,"date":"2024-02-06T17:07:33","date_gmt":"2024-02-06T16:07:33","guid":{"rendered":"https:\/\/www.rogalamusic.com\/?post_type=product&#038;p=870"},"modified":"2024-03-22T10:14:44","modified_gmt":"2024-03-22T09:14:44","slug":"enthuzjazzm","status":"publish","type":"product","link":"https:\/\/www.rogalamusic.com\/en\/product\/enthuzjazzm\/","title":{"rendered":"Enthuzjazzm &#8211; wersja cyfrowa"},"content":{"rendered":"<h2 style=\"text-align: center;\">KUPUJ\u0104C WERSJ\u0118 CYFROWA ENTHUZJAZZM OTRZYMASZ DWA ALBUMY: WAVE ORAZ MP3. ABY ROZPAKOWA\u0106 CA\u0141Y ALBUM WYMAGANE JEST OPROGRAMOWANIE DO PLIK\u00d3W ZIP.<\/h2>\n<h2 style=\"text-align: center;\">W PRZYPADKU BRAKU MO\u017bLIWO\u015aCI ROZPAKOWANIA PLIK\u00d3W ZIP W MAILU OTRZYMASZ R\u00d3WNIE\u017b LINKI DO POBRANIA POJEDYNCZYCH UTWOR\u00d3W W FORMACIE MP3.<\/h2>","protected":false},"excerpt":{"rendered":"<p>KUPUJ\u0104C WERSJ\u0118 CYFROWA ENTHUZJAZZM OTRZYMASZ DWA ALBUMY: WAVE ORAZ MP3. ABY ROZPAKOWA\u0106 CA\u0141Y ALBUM WYMAGANE JEST OPROGRAMOWANIE DO PLIK\u00d3W ZIP. W PRZYPADKU BRAKU MO\u017bLIWO\u015aCI ROZPAKOWANIA PLIK\u00d3W ZIP W MAILU OTRZYMASZ R\u00d3WNIE\u017b LINKI DO POBRANIA POJEDYNCZYCH UTWOR\u00d3W W FORMACIE MP3.<\/p>","protected":false},"featured_media":871,"comment_status":"open","ping_status":"closed","template":"","meta":{"neve_meta_sidebar":"","neve_meta_container":"","neve_meta_enable_content_width":"off","neve_meta_content_width":100,"neve_meta_title_alignment":"","neve_meta_author_avatar":"","neve_post_elements_order":"","neve_meta_disable_header":"","neve_meta_disable_footer":"","neve_meta_disable_title":""},"product_cat":[16],"product_tag":[],"wooqr_code":"","_links":{"self":[{"href":"https:\/\/www.rogalamusic.com\/en\/wp-json\/wp\/v2\/product\/870"}],"collection":[{"href":"https:\/\/www.rogalamusic.com\/en\/wp-json\/wp\/v2\/product"}],"about":[{"href":"https:\/\/www.rogalamusic.com\/en\/wp-json\/wp\/v2\/types\/product"}],"replies":[{"embeddable":true,"href":"https:\/\/www.rogalamusic.com\/en\/wp-json\/wp\/v2\/comments?post=870"}],"version-history":[{"count":1,"href":"https:\/\/www.rogalamusic.com\/en\/wp-json\/wp\/v2\/product\/870\/revisions"}],"predecessor-version":[{"id":873,"href":"https:\/\/www.rogalamusic.com\/en\/wp-json\/wp\/v2\/product\/870\/revisions\/873"}],"wp:featuredmedia":[{"embeddable":true,"href":"https:\/\/www.rogalamusic.com\/en\/wp-json\/wp\/v2\/media\/871"}],"wp:attachment":[{"href":"https:\/\/www.rogalamusic.com\/en\/wp-json\/wp\/v2\/media?parent=870"}],"wp:term":[{"taxonomy":"product_cat","embeddable":true,"href":"https:\/\/www.rogalamusic.com\/en\/wp-json\/wp\/v2\/product_cat?post=870"},{"taxonomy":"product_tag","embeddable":true,"href":"https:\/\/www.rogalamusic.com\/en\/wp-json\/wp\/v2\/product_tag?post=870"}],"curies":[{"name":"wp","href":"https:\/\/api.w.org\/{rel}","templated":true}]}}