{"id":57,"date":"2020-12-08T13:01:45","date_gmt":"2020-12-08T12:01:45","guid":{"rendered":"https:\/\/www.rogalamusic.com\/?post_type=product&#038;p=57"},"modified":"2024-07-08T13:07:30","modified_gmt":"2024-07-08T11:07:30","slug":"polish-psalter","status":"publish","type":"product","link":"https:\/\/www.rogalamusic.com\/en\/product\/polish-psalter\/","title":{"rendered":"Polish Psalter"},"content":{"rendered":"<div data-elementor-type=\"wp-post\" data-elementor-id=\"57\" class=\"elementor elementor-57\">\n\t\t\t\t\t\t<section class=\"elementor-section elementor-top-section elementor-element elementor-element-08a0c8e elementor-section-boxed elementor-section-height-default elementor-section-height-default\" data-id=\"08a0c8e\" data-element_type=\"section\">\n\t\t\t\t\t\t<div class=\"elementor-container elementor-column-gap-default\">\n\t\t\t\t\t<div class=\"elementor-column elementor-col-50 elementor-top-column elementor-element elementor-element-4eb7fcb\" data-id=\"4eb7fcb\" data-element_type=\"column\">\n\t\t\t<div class=\"elementor-widget-wrap elementor-element-populated\">\n\t\t\t\t\t\t<div class=\"elementor-element elementor-element-d64bcae elementor-widget elementor-widget-text-editor\" data-id=\"d64bcae\" data-element_type=\"widget\" data-widget_type=\"text-editor.default\">\n\t\t\t\t<div class=\"elementor-widget-container\">\n\t\t\t\t\t\t\t<h2><strong>P.G.R. &#8211; Polish Psalter \/ for soprano &amp; jazz ensemble<\/strong><\/h2><p>1. Psalm XCI &#8211; 7.45 \u201cKto si\u0119 w opiek\u0119 poda Panu swemu\u201d<br \/>2. Psalm LXXXI &#8211; 3.32 \u201cRadujcie si\u0119 Bogu nawysszemu\u201d<br \/>3. Psalm CXIX \u2013 6.13 \u201cSzcz\u0119\u015bliwi, kt\u00f3rzy si\u0119 Pa\u0144skim zakonem sprawuj\u0105\u201d<br \/>4. Psalm IV &#8211; 9.11 \u201cWzywam Ci\u0119 Bo\u017ce, \u015bwiadku mojej niewinno\u015bci \u201d<br \/>5. Psalm CXXXVII &#8211; 3.51 \u201cSiedz\u0105c po niskich brzegach babilo\u0144skiej wody\u201d<br \/>6. Psalm LXXVII &#8211; 5.57 \u201cPana ja wzywa\u0107 b\u0119d\u0119, dok\u0105dem \u017cywy\u201d<br \/>7. Psalm CXXVIII &#8211; 3.50 \u201cSzcz\u0119\u015bliwy cz\u0142owiek prawdziwie\u201d<br \/>Total time: 40.35<\/p>\t\t\t\t\t\t<\/div>\n\t\t\t\t<\/div>\n\t\t\t\t\t<\/div>\n\t\t<\/div>\n\t\t\t\t<div class=\"elementor-column elementor-col-50 elementor-top-column elementor-element elementor-element-ec26b35\" data-id=\"ec26b35\" data-element_type=\"column\">\n\t\t\t<div class=\"elementor-widget-wrap elementor-element-populated\">\n\t\t\t\t\t\t<div class=\"elementor-element elementor-element-21b4023 elementor-widget elementor-widget-video\" data-id=\"21b4023\" data-element_type=\"widget\" data-settings=\"{&quot;youtube_url&quot;:&quot;https:\\\/\\\/www.youtube.com\\\/watch?v=2QJ46m8HtsQ&amp;feature=youtu.be&quot;,&quot;autoplay&quot;:&quot;yes&quot;,&quot;play_on_mobile&quot;:&quot;yes&quot;,&quot;modestbranding&quot;:&quot;yes&quot;,&quot;video_type&quot;:&quot;youtube&quot;,&quot;controls&quot;:&quot;yes&quot;}\" data-widget_type=\"video.default\">\n\t\t\t\t<div class=\"elementor-widget-container\">\n\t\t\t\t\t<div class=\"elementor-wrapper elementor-open-inline\">\n\t\t\t<div class=\"elementor-video\"><\/div>\t\t<\/div>\n\t\t\t\t<\/div>\n\t\t\t\t<\/div>\n\t\t\t\t\t<\/div>\n\t\t<\/div>\n\t\t\t\t\t<\/div>\n\t\t<\/section>\n\t\t\t\t<section class=\"elementor-section elementor-top-section elementor-element elementor-element-9436146 elementor-section-boxed elementor-section-height-default elementor-section-height-default\" data-id=\"9436146\" data-element_type=\"section\">\n\t\t\t\t\t\t<div class=\"elementor-container elementor-column-gap-default\">\n\t\t\t\t\t<div class=\"elementor-column elementor-col-100 elementor-top-column elementor-element elementor-element-75b640d\" data-id=\"75b640d\" data-element_type=\"column\">\n\t\t\t<div class=\"elementor-widget-wrap elementor-element-populated\">\n\t\t\t\t\t\t<div class=\"elementor-element elementor-element-dfa57e7 elementor-widget elementor-widget-text-editor\" data-id=\"dfa57e7\" data-element_type=\"widget\" data-widget_type=\"text-editor.default\">\n\t\t\t\t<div class=\"elementor-widget-container\">\n\t\t\t\t\t\t\t<p>Na podstawie wsp\u00f3lnego dzie\u0142a \u201eMelodie na Psa\u0142terz Polski\u201d Jana Kochanowskiego (1530-1584) i Miko\u0142aja Gom\u00f3\u0142ki (1535-1609)<\/p><p>Muzycy: Barbara Rogala \u2013 sopran<br \/>Roman Ott &#8211; saksofon altowy<br \/>Grzegorz Rogala &#8211; puzon tenorowy i aran\u017cacja<br \/>Anders Grop \u2013 kontrabas<br \/>Frank Parker \u2013 perkusja<br \/>Filip Zieli\u0144ski &#8211; teorba (w utworach: 3, 6 i 7)<\/p><p>Nagrany w TONN Studio przez Jakuba Garbacza, Macieja Stanieckiego i Krzysztofa Tonna<br \/>Miks i master: Jakub Garbacz i Przemys\u0142aw Kunda &#8211; Ars Sonora Studio<br \/>Projekt CD: Agnieszka Kowalska-Owczarek<br \/>Zdj\u0119cia na ok\u0142adce i w ksi\u0105\u017ceczce: Piotr Gajek<br \/>Producenci artystyczni: Jakub Garbacz i Grzegorz Rogala<br \/>Producent wykonawczy: Grzegorz Rogala<br \/>Wydawnictwo: Ars Sonora<br \/>Dystrybucja: rogalamusic.com<\/p>\t\t\t\t\t\t<\/div>\n\t\t\t\t<\/div>\n\t\t\t\t\t<\/div>\n\t\t<\/div>\n\t\t\t\t\t<\/div>\n\t\t<\/section>\n\t\t\t\t<\/div>","protected":false},"excerpt":{"rendered":"<p>P.G.R. &#8211; Polish Psalter \/ for soprano &amp; jazz ensemble 1. Psalm XCI &#8211; 7.45 \u201cKto si\u0119 w opiek\u0119 poda Panu swemu\u201d 2. Psalm LXXXI &#8211; 3.32 \u201cRadujcie si\u0119 Bogu nawysszemu\u201d 3. Psalm CXIX \u2013 6.13 \u201cSzcz\u0119\u015bliwi, kt\u00f3rzy si\u0119 Pa\u0144skim zakonem sprawuj\u0105\u201d 4. Psalm IV &#8211; 9.11 \u201cWzywam Ci\u0119 Bo\u017ce, \u015bwiadku mojej niewinno\u015bci \u201d 5.&hellip;&nbsp;<a href=\"https:\/\/www.rogalamusic.com\/en\/product\/polish-psalter\/\" class=\"\" rel=\"bookmark\">Read More &raquo;<span class=\"screen-reader-text\">Polish Psalter<\/span><\/a><\/p>","protected":false},"featured_media":59,"comment_status":"open","ping_status":"closed","template":"","meta":{"neve_meta_sidebar":"","neve_meta_container":"","neve_meta_enable_content_width":"off","neve_meta_content_width":70,"neve_meta_title_alignment":"","neve_meta_author_avatar":"","neve_post_elements_order":"","neve_meta_disable_header":"","neve_meta_disable_footer":"","neve_meta_disable_title":""},"product_cat":[16],"product_tag":[],"wooqr_code":"","_links":{"self":[{"href":"https:\/\/www.rogalamusic.com\/en\/wp-json\/wp\/v2\/product\/57"}],"collection":[{"href":"https:\/\/www.rogalamusic.com\/en\/wp-json\/wp\/v2\/product"}],"about":[{"href":"https:\/\/www.rogalamusic.com\/en\/wp-json\/wp\/v2\/types\/product"}],"replies":[{"embeddable":true,"href":"https:\/\/www.rogalamusic.com\/en\/wp-json\/wp\/v2\/comments?post=57"}],"version-history":[{"count":17,"href":"https:\/\/www.rogalamusic.com\/en\/wp-json\/wp\/v2\/product\/57\/revisions"}],"predecessor-version":[{"id":627,"href":"https:\/\/www.rogalamusic.com\/en\/wp-json\/wp\/v2\/product\/57\/revisions\/627"}],"wp:featuredmedia":[{"embeddable":true,"href":"https:\/\/www.rogalamusic.com\/en\/wp-json\/wp\/v2\/media\/59"}],"wp:attachment":[{"href":"https:\/\/www.rogalamusic.com\/en\/wp-json\/wp\/v2\/media?parent=57"}],"wp:term":[{"taxonomy":"product_cat","embeddable":true,"href":"https:\/\/www.rogalamusic.com\/en\/wp-json\/wp\/v2\/product_cat?post=57"},{"taxonomy":"product_tag","embeddable":true,"href":"https:\/\/www.rogalamusic.com\/en\/wp-json\/wp\/v2\/product_tag?post=57"}],"curies":[{"name":"wp","href":"https:\/\/api.w.org\/{rel}","templated":true}]}}