{"id":991,"date":"2024-09-30T13:49:47","date_gmt":"2024-09-30T11:49:47","guid":{"rendered":"https:\/\/www.rogalamusic.com\/?page_id=991"},"modified":"2025-01-30T17:54:46","modified_gmt":"2025-01-30T16:54:46","slug":"p-g-r-quartet","status":"publish","type":"page","link":"https:\/\/www.rogalamusic.com\/en\/p-g-r-polish-psalter\/p-g-r-quartet\/","title":{"rendered":"P.G.R. Quartet"},"content":{"rendered":"<div data-elementor-type=\"wp-page\" data-elementor-id=\"991\" class=\"elementor elementor-991\">\n\t\t\t\t\t\t<section class=\"elementor-section elementor-top-section elementor-element elementor-element-c89c299 elementor-section-boxed elementor-section-height-default elementor-section-height-default\" data-id=\"c89c299\" data-element_type=\"section\">\n\t\t\t\t\t\t<div class=\"elementor-container elementor-column-gap-default\">\n\t\t\t\t\t<div class=\"elementor-column elementor-col-100 elementor-top-column elementor-element elementor-element-4358108\" data-id=\"4358108\" data-element_type=\"column\">\n\t\t\t<div class=\"elementor-widget-wrap elementor-element-populated\">\n\t\t\t\t\t\t<div class=\"elementor-element elementor-element-ff02a2d elementor-widget elementor-widget-heading\" data-id=\"ff02a2d\" data-element_type=\"widget\" data-widget_type=\"heading.default\">\n\t\t\t\t<div class=\"elementor-widget-container\">\n\t\t\t<h2 class=\"elementor-heading-title elementor-size-default\">P.G.R. Quartet<\/h2>\t\t<\/div>\n\t\t\t\t<\/div>\n\t\t\t\t\t<\/div>\n\t\t<\/div>\n\t\t\t\t\t<\/div>\n\t\t<\/section>\n\t\t\t\t<section class=\"elementor-section elementor-top-section elementor-element elementor-element-013e288 elementor-section-boxed elementor-section-height-default elementor-section-height-default\" data-id=\"013e288\" data-element_type=\"section\">\n\t\t\t\t\t\t<div class=\"elementor-container elementor-column-gap-default\">\n\t\t\t\t\t<div class=\"elementor-column elementor-col-100 elementor-top-column elementor-element elementor-element-5dbc44e\" data-id=\"5dbc44e\" data-element_type=\"column\">\n\t\t\t<div class=\"elementor-widget-wrap elementor-element-populated\">\n\t\t\t\t\t\t<div class=\"elementor-element elementor-element-fa3c1ac elementor-widget elementor-widget-image\" data-id=\"fa3c1ac\" data-element_type=\"widget\" data-widget_type=\"image.default\">\n\t\t\t\t<div class=\"elementor-widget-container\">\n\t\t\t\t\t\t\t\t\t\t\t\t\t<img fetchpriority=\"high\" decoding=\"async\" width=\"851\" height=\"315\" src=\"https:\/\/www.rogalamusic.com\/wp-content\/uploads\/2025\/01\/P.G.R.-quartet.png\" class=\"attachment-large size-large wp-image-1213\" alt=\"\" srcset=\"https:\/\/www.rogalamusic.com\/wp-content\/uploads\/2025\/01\/P.G.R.-quartet.png 851w, https:\/\/www.rogalamusic.com\/wp-content\/uploads\/2025\/01\/P.G.R.-quartet-300x111.png 300w, https:\/\/www.rogalamusic.com\/wp-content\/uploads\/2025\/01\/P.G.R.-quartet-768x284.png 768w, https:\/\/www.rogalamusic.com\/wp-content\/uploads\/2025\/01\/P.G.R.-quartet-18x7.png 18w, https:\/\/www.rogalamusic.com\/wp-content\/uploads\/2025\/01\/P.G.R.-quartet-24x9.png 24w, https:\/\/www.rogalamusic.com\/wp-content\/uploads\/2025\/01\/P.G.R.-quartet-36x13.png 36w, https:\/\/www.rogalamusic.com\/wp-content\/uploads\/2025\/01\/P.G.R.-quartet-48x18.png 48w, https:\/\/www.rogalamusic.com\/wp-content\/uploads\/2025\/01\/P.G.R.-quartet-600x222.png 600w\" sizes=\"(max-width: 851px) 100vw, 851px\" \/>\t\t\t\t\t\t\t\t\t\t\t\t\t<\/div>\n\t\t\t\t<\/div>\n\t\t\t\t\t<\/div>\n\t\t<\/div>\n\t\t\t\t\t<\/div>\n\t\t<\/section>\n\t\t\t\t<section class=\"elementor-section elementor-top-section elementor-element elementor-element-a276a31 elementor-section-boxed elementor-section-height-default elementor-section-height-default\" data-id=\"a276a31\" data-element_type=\"section\">\n\t\t\t\t\t\t<div class=\"elementor-container elementor-column-gap-default\">\n\t\t\t\t\t<div class=\"elementor-column elementor-col-100 elementor-top-column elementor-element elementor-element-028d02b\" data-id=\"028d02b\" data-element_type=\"column\">\n\t\t\t<div class=\"elementor-widget-wrap elementor-element-populated\">\n\t\t\t\t\t\t<div class=\"elementor-element elementor-element-5479915 elementor-widget elementor-widget-text-editor\" data-id=\"5479915\" data-element_type=\"widget\" data-no-translation=\"\" data-widget_type=\"text-editor.default\">\n\t\t\t\t<div class=\"elementor-widget-container\">\n\t\t\t<style>.elementor-element-5479915{display:none !important}<\/style>\t\t<\/div>\n\t\t\t\t<\/div>\n\t\t\t\t\t<\/div>\n\t\t<\/div>\n\t\t\t\t\t<\/div>\n\t\t<\/section>\n\t\t\t\t<section class=\"elementor-section elementor-top-section elementor-element elementor-element-96465f8 elementor-section-boxed elementor-section-height-default elementor-section-height-default\" data-id=\"96465f8\" data-element_type=\"section\">\n\t\t\t\t\t\t<div class=\"elementor-container elementor-column-gap-default\">\n\t\t\t\t\t<div class=\"elementor-column elementor-col-100 elementor-top-column elementor-element elementor-element-4263c32\" data-id=\"4263c32\" data-element_type=\"column\">\n\t\t\t<div class=\"elementor-widget-wrap elementor-element-populated\">\n\t\t\t\t\t\t<div class=\"elementor-element elementor-element-091701d elementor-widget elementor-widget-text-editor\" data-id=\"091701d\" data-element_type=\"widget\" data-no-translation=\"\" data-widget_type=\"text-editor.default\">\n\t\t\t\t<div class=\"elementor-widget-container\">\n\t\t\t\t\t\t\t<p align=\"justify\"><span style=\"font-family: Arial, sans-serif;\">P.G.R. \u2013 Projekt Grzegorza Rogali, is a jazz project expressing the idea of combining cultures and musical genres. The concept includes a dialogue between Polish, Jewish and classical music. We can find out about it by listening to 4 CDs. First two albums were recorded with Israeli saxophonist Sagit Zilberman. Recent two albums P.G.R. \u2013 &#8222;Polish Psalter&#8221; take us back to the times of the Renaissance.<\/span><\/p><p align=\"justify\"><span style=\"font-family: Arial, sans-serif;\"> The latest edition of the formation is the <b>P.G.R. quartet<\/b> with the title track &#8222;Song for my Mother&#8221;, which refers to the recent death of the leader&#8217;s mother. However, Grzegorz Rogala does not focus only on personal loss, but also on relationships with loved ones. In addition to the new songs, we will hear &#8222;Song for Basia&#8221; and &#8222;The New Life Appearance&#8221;, released on the album Poezjazz (Soliton 2014), there will be the biblical Job, or a piece dedicated to Bronis\u0142aw Kaper \u2013 a Polish composer of film music, meritorious for Hollywood and the history of world jazz. The Leader invited well-known artists on the Polish jazz scene to this personal journey.<\/span><\/p><p align=\"justify\"><span style=\"font-family: Arial, sans-serif;\"><b>Artist:<\/b><\/span><\/p><p align=\"justify\"><span style=\"font-family: Arial, sans-serif;\">Piotr Andrzejewski \u2013 piano<\/span><\/p><p align=\"justify\"><span style=\"font-family: Arial, sans-serif;\">Jan Wierzbicki \u2013 double bass<\/span><\/p><p align=\"justify\"><span style=\"font-family: Arial, sans-serif;\">Robert Rasz \u2013 drums<\/span><\/p><p align=\"justify\"><span style=\"font-family: Arial, sans-serif;\">Grzegorz Rogala &#8211; trombone<\/span><\/p>\t\t\t\t\t\t<\/div>\n\t\t\t\t<\/div>\n\t\t\t\t\t<\/div>\n\t\t<\/div>\n\t\t\t\t\t<\/div>\n\t\t<\/section>\n\t\t\t\t<section class=\"elementor-section elementor-top-section elementor-element elementor-element-4c97c82 elementor-section-boxed elementor-section-height-default elementor-section-height-default\" data-id=\"4c97c82\" data-element_type=\"section\">\n\t\t\t\t\t\t<div class=\"elementor-container elementor-column-gap-default\">\n\t\t\t\t\t<div class=\"elementor-column elementor-col-100 elementor-top-column elementor-element elementor-element-b42e2be\" data-id=\"b42e2be\" data-element_type=\"column\">\n\t\t\t<div class=\"elementor-widget-wrap elementor-element-populated\">\n\t\t\t\t\t\t<div class=\"elementor-element elementor-element-f720763 elementor-widget elementor-widget-video\" data-id=\"f720763\" data-element_type=\"widget\" data-settings=\"{&quot;youtube_url&quot;:&quot;https:\\\/\\\/www.youtube.com\\\/watch?v=zsT4mQX40eQ&amp;ab_channel=RogalaMusic&quot;,&quot;video_type&quot;:&quot;youtube&quot;,&quot;controls&quot;:&quot;yes&quot;}\" data-widget_type=\"video.default\">\n\t\t\t\t<div class=\"elementor-widget-container\">\n\t\t\t\t\t<div class=\"elementor-wrapper elementor-open-inline\">\n\t\t\t<div class=\"elementor-video\"><\/div>\t\t<\/div>\n\t\t\t\t<\/div>\n\t\t\t\t<\/div>\n\t\t\t\t\t<\/div>\n\t\t<\/div>\n\t\t\t\t\t<\/div>\n\t\t<\/section>\n\t\t\t\t<\/div>","protected":false},"excerpt":{"rendered":"<p>P.G.R. Quartet P.G.R. &#8211; czyli Projekt Grzegorza Rogali, to jazzowy projekt wyra\u017caj\u0105cy ide\u0119 \u0142\u0105czenia kultur i gatunk\u00f3w muzycznych. Koncepcja obejmuje dialog mi\u0119dzy muzyk\u0105 polsk\u0105, kuba\u0144sk\u0105, \u017cydowsk\u0105 i klasyczn\u0105. Mo\u017cemy si\u0119 o tym przekona\u0107 s\u0142uchaj\u0105c 4 album\u00f3w CD. Pierwszy z nich wydany w 2011 roku \u201eEnthuzjazzm\u201d to egzotyczna mieszanka muzyki klezmerskiej i jazzowej. Kolejna p\u0142yta \u201ePoezjazz\u201d,&hellip;&nbsp;<a href=\"https:\/\/www.rogalamusic.com\/en\/p-g-r-polish-psalter\/p-g-r-quartet\/\" class=\"\" rel=\"bookmark\">Read More &raquo;<span class=\"screen-reader-text\">P.G.R. Quartet<\/span><\/a><\/p>","protected":false},"author":1,"featured_media":0,"parent":213,"menu_order":0,"comment_status":"closed","ping_status":"closed","template":"page-templates\/template-pagebuilder-full-width.php","meta":{"neve_meta_sidebar":"","neve_meta_container":"","neve_meta_enable_content_width":"","neve_meta_content_width":0,"neve_meta_title_alignment":"","neve_meta_author_avatar":"","neve_post_elements_order":"","neve_meta_disable_header":"","neve_meta_disable_footer":"","neve_meta_disable_title":"","footnotes":""},"_links":{"self":[{"href":"https:\/\/www.rogalamusic.com\/en\/wp-json\/wp\/v2\/pages\/991"}],"collection":[{"href":"https:\/\/www.rogalamusic.com\/en\/wp-json\/wp\/v2\/pages"}],"about":[{"href":"https:\/\/www.rogalamusic.com\/en\/wp-json\/wp\/v2\/types\/page"}],"author":[{"embeddable":true,"href":"https:\/\/www.rogalamusic.com\/en\/wp-json\/wp\/v2\/users\/1"}],"replies":[{"embeddable":true,"href":"https:\/\/www.rogalamusic.com\/en\/wp-json\/wp\/v2\/comments?post=991"}],"version-history":[{"count":23,"href":"https:\/\/www.rogalamusic.com\/en\/wp-json\/wp\/v2\/pages\/991\/revisions"}],"predecessor-version":[{"id":1225,"href":"https:\/\/www.rogalamusic.com\/en\/wp-json\/wp\/v2\/pages\/991\/revisions\/1225"}],"up":[{"embeddable":true,"href":"https:\/\/www.rogalamusic.com\/en\/wp-json\/wp\/v2\/pages\/213"}],"wp:attachment":[{"href":"https:\/\/www.rogalamusic.com\/en\/wp-json\/wp\/v2\/media?parent=991"}],"curies":[{"name":"wp","href":"https:\/\/api.w.org\/{rel}","templated":true}]}}