{"id":980,"date":"2024-09-30T13:39:46","date_gmt":"2024-09-30T11:39:46","guid":{"rendered":"https:\/\/www.rogalamusic.com\/?page_id=980"},"modified":"2025-01-04T18:34:58","modified_gmt":"2025-01-04T17:34:58","slug":"p-g-r-polish-psalter-info","status":"publish","type":"page","link":"https:\/\/www.rogalamusic.com\/en\/p-g-r-polish-psalter\/p-g-r-polish-psalter-info\/","title":{"rendered":"P.G.R. &#8211; Polish Psalter"},"content":{"rendered":"<div data-elementor-type=\"wp-page\" data-elementor-id=\"980\" class=\"elementor elementor-980\">\n\t\t\t\t\t\t<section class=\"elementor-section elementor-top-section elementor-element elementor-element-3fa4c0e elementor-section-boxed elementor-section-height-default elementor-section-height-default\" data-id=\"3fa4c0e\" data-element_type=\"section\">\n\t\t\t\t\t\t<div class=\"elementor-container elementor-column-gap-default\">\n\t\t\t\t\t<div class=\"elementor-column elementor-col-100 elementor-top-column elementor-element elementor-element-2a165a8\" data-id=\"2a165a8\" data-element_type=\"column\">\n\t\t\t<div class=\"elementor-widget-wrap elementor-element-populated\">\n\t\t\t\t\t\t<div class=\"elementor-element elementor-element-e20ae05 elementor-widget elementor-widget-heading\" data-id=\"e20ae05\" data-element_type=\"widget\" data-widget_type=\"heading.default\">\n\t\t\t\t<div class=\"elementor-widget-container\">\n\t\t\t<h2 class=\"elementor-heading-title elementor-size-default\">P.G.R. - Polish Psalter<br><\/h2>\t\t<\/div>\n\t\t\t\t<\/div>\n\t\t\t\t\t<\/div>\n\t\t<\/div>\n\t\t\t\t\t<\/div>\n\t\t<\/section>\n\t\t\t\t<section class=\"elementor-section elementor-top-section elementor-element elementor-element-0c671ad elementor-section-boxed elementor-section-height-default elementor-section-height-default\" data-id=\"0c671ad\" data-element_type=\"section\">\n\t\t\t\t\t\t<div class=\"elementor-container elementor-column-gap-default\">\n\t\t\t\t\t<div class=\"elementor-column elementor-col-100 elementor-top-column elementor-element elementor-element-c428e50\" data-id=\"c428e50\" data-element_type=\"column\">\n\t\t\t<div class=\"elementor-widget-wrap elementor-element-populated\">\n\t\t\t\t\t\t<div class=\"elementor-element elementor-element-213d1a1 elementor-widget elementor-widget-image\" data-id=\"213d1a1\" data-element_type=\"widget\" data-widget_type=\"image.default\">\n\t\t\t\t<div class=\"elementor-widget-container\">\n\t\t\t\t\t\t\t\t\t\t\t\t\t<img fetchpriority=\"high\" decoding=\"async\" width=\"682\" height=\"1024\" src=\"https:\/\/www.rogalamusic.com\/wp-content\/uploads\/2024\/11\/P.G.R.-Polish-Psalter-4-682x1024.png\" class=\"attachment-large size-large wp-image-1089\" alt=\"\" srcset=\"https:\/\/www.rogalamusic.com\/wp-content\/uploads\/2024\/11\/P.G.R.-Polish-Psalter-4-682x1024.png 682w, https:\/\/www.rogalamusic.com\/wp-content\/uploads\/2024\/11\/P.G.R.-Polish-Psalter-4-200x300.png 200w, https:\/\/www.rogalamusic.com\/wp-content\/uploads\/2024\/11\/P.G.R.-Polish-Psalter-4-768x1152.png 768w, https:\/\/www.rogalamusic.com\/wp-content\/uploads\/2024\/11\/P.G.R.-Polish-Psalter-4-1024x1536.png 1024w, https:\/\/www.rogalamusic.com\/wp-content\/uploads\/2024\/11\/P.G.R.-Polish-Psalter-4-8x12.png 8w, https:\/\/www.rogalamusic.com\/wp-content\/uploads\/2024\/11\/P.G.R.-Polish-Psalter-4-16x24.png 16w, https:\/\/www.rogalamusic.com\/wp-content\/uploads\/2024\/11\/P.G.R.-Polish-Psalter-4-24x36.png 24w, https:\/\/www.rogalamusic.com\/wp-content\/uploads\/2024\/11\/P.G.R.-Polish-Psalter-4-32x48.png 32w, https:\/\/www.rogalamusic.com\/wp-content\/uploads\/2024\/11\/P.G.R.-Polish-Psalter-4-300x450.png 300w, https:\/\/www.rogalamusic.com\/wp-content\/uploads\/2024\/11\/P.G.R.-Polish-Psalter-4-600x900.png 600w, https:\/\/www.rogalamusic.com\/wp-content\/uploads\/2024\/11\/P.G.R.-Polish-Psalter-4.png 1333w\" sizes=\"(max-width: 682px) 100vw, 682px\" \/>\t\t\t\t\t\t\t\t\t\t\t\t\t<\/div>\n\t\t\t\t<\/div>\n\t\t\t\t\t<\/div>\n\t\t<\/div>\n\t\t\t\t\t<\/div>\n\t\t<\/section>\n\t\t\t\t<section class=\"elementor-section elementor-top-section elementor-element elementor-element-12b13d3 elementor-section-boxed elementor-section-height-default elementor-section-height-default\" data-id=\"12b13d3\" data-element_type=\"section\">\n\t\t\t\t\t\t<div class=\"elementor-container elementor-column-gap-default\">\n\t\t\t\t\t<div class=\"elementor-column elementor-col-100 elementor-top-column elementor-element elementor-element-4911578\" data-id=\"4911578\" data-element_type=\"column\">\n\t\t\t<div class=\"elementor-widget-wrap elementor-element-populated\">\n\t\t\t\t\t\t<div class=\"elementor-element elementor-element-21a39e2 elementor-widget elementor-widget-text-editor\" data-id=\"21a39e2\" data-element_type=\"widget\" data-no-translation=\"\" data-widget_type=\"text-editor.default\">\n\t\t\t\t<div class=\"elementor-widget-container\">\n\t\t\t\t\t\t\t<p><span style=\"font-family: Arial, sans-serif;\">P.G.R. \u2013 Projekt Grzegorza Rogali, is a jazz project expressing the idea of combining cultures and musical genres. The concept includes a dialogue between Polish, Jewish and classical music. We can find out about it by listening to 4 CDs.,<\/span><\/p><p><span style=\"font-family: var( --e-global-typography-text-font-family ), Sans-serif; font-weight: var( --e-global-typography-text-font-weight ); background-color: var(--nv-site-bg); font-size: var(--bodyfontsize); letter-spacing: var(--bodyletterspacing); text-transform: var(--bodytexttransform);\">Recent two albums <\/span><b style=\"color: var( --e-global-color-text ); background-color: var(--nv-site-bg); font-size: var(--bodyfontsize); letter-spacing: var(--bodyletterspacing); text-transform: var(--bodytexttransform); font-family: Arial, sans-serif;\">P.G.R. &#8211;<\/b><b style=\"color: var( --e-global-color-text ); background-color: var(--nv-site-bg); font-size: var(--bodyfontsize); letter-spacing: var(--bodyletterspacing); text-transform: var(--bodytexttransform); font-family: Arial, sans-serif;\">&#8222;Polish Psalter&#8221;<\/b><span style=\"font-weight: var( --e-global-typography-text-font-weight ); background-color: var(--nv-site-bg); font-size: var(--bodyfontsize); letter-spacing: var(--bodyletterspacing); text-transform: var(--bodytexttransform); font-family: Arial, sans-serif;\"> take us back to the times of the Renaissance. They show \u201eMelodies for the Polish Psalter&#8221; by Jan Kochanowski to the music of Miko\u0142aj Gom\u00f3\u0142ki, which is a breakthrough in Polish literature and an example of interdisciplinary cooperation at the highest level. It became an inspiration and a challenge for the artists of the P.G.R. at the same time. The Renaissance four-voices became a canvas for classical-jazz &#8222;journeys&#8221;, in which music from more than four centuries sounds fresh and contemporary.<\/span><span style=\"font-family: Arial, sans-serif;\"><br \/><\/span><\/p><p align=\"justify\"><span style=\"font-family: Arial, sans-serif;\"> P.G.R. received a scholarship from the Berklee College of Music twice, his music has been hosted on the UK Jazz Radio and on many music stages in the USA, Poland, Ukraine, Germany, Sweden, France, m.in.: Jazz in the Ruins, G\u0142og\u00f3w International Jazz Meetings. The White Stork Synagogue, the Museum of the History of Polish Jews, Flugery Lvova, the Stockholm Jazz Festival, St. Merry church in Paris<\/span><\/p><p align=\"justify\"><span style=\"font-family: Arial, sans-serif;\"><b>Excerpts from the review of the album P.G.R. &#8222;Polish Psalter vol 2&#8221;<\/b><\/span><\/p><p align=\"justify\"><span style=\"font-family: Arial, sans-serif;\">PRESTO Magazine &#8211; (honorable mention: &#8222;Album of the Quarter&#8221;)<\/span><\/p><p align=\"justify\"><span style=\"font-family: Arial, sans-serif;\">&#8222;How much can you do for music and with music? With this thought in mind, I listen to the sweet voice of Barbara Rogala. I immerse myself with interest in the bold arrangements of Grzegorz Rogala, who translated the music of the Renaissance into the language of modern instruments. Individual musicians add a jazz touch to it. Thanks to this, it sounds fresh and contemporary. However, this is not important. I have a feeling that this whole album is a pretext to tell its listeners about the essence of life&#8230;<\/span><\/p><p align=\"justify\"><span style=\"font-family: Arial, sans-serif;\">Author: Kinga A. Wojciechowska<\/span><\/p><p align=\"justify\"><span style=\"font-family: Arial, sans-serif;\"><span style=\"font-size: medium;\"><b>Blog: The soundtrack of my life<\/b><\/span><\/span><\/p><p align=\"justify\"><span style=\"font-family: Arial, sans-serif;\"><span style=\"font-size: medium;\">&#8222;[&#8230;] The album manages to create a fusion of the original Renaissance music with Jazz, which works splendidly, despite the obvious Centuries long time gap between them.<\/span><\/span><\/p><p align=\"justify\"><span style=\"font-family: Arial, sans-serif;\"><span style=\"font-size: medium;\">[&#8230;] all the instrumentalist play excellently in both domains. The soprano vocal parts are of course the anchor of the entire project, and are performed with confidence and clarity.[&#8230;]The excellent arrangements and obvious dedication demanded from all the participants pays off and the resulting music is deeply moving and highly aesthetic[&#8230;] Very well done indeed!&#8221;<\/span><\/span><\/p><p align=\"left\"><span style=\"font-family: Arial, sans-serif;\"><span style=\"font-size: medium;\">Autor: Adam Baruch<\/span><\/span><\/p><p align=\"left\"><span style=\"font-family: Arial, sans-serif;\"><span style=\"font-size: medium;\"><b>Magazine: Jazzpress 07-08.2024<\/b><\/span><\/span><\/p><p align=\"left\"><span style=\"font-family: Arial, sans-serif;\"><span style=\"font-size: medium;\">&#8222;In jazz, everything is possible, and every \u2013 even the most unobvious \u2013 combination has a chance to &#8222;play&#8221; with each other and delight. [\u2026]Polish Psalter vol. 2 delights me with its solemnity, and at the same time draws me in with a really clever arrangement, for which the author of the project, trombonist Grzegorz Rogala, is responsible. It turns out that an original idea, an unobvious combination of ingredients, which, to be honest, could not be so affordable for most customers individually, results in a coherent, interesting final product \u2013 in addition, premium class. Let us note that in passing, at the same time, we absorb the musical and poetic gems of the Renaissance, noble opera singing (Barbara Rogala, soprano), and we immerse ourselves in jazz. This is a valuable lesson, but the most valuable \u2013 in my opinion \u2013 concerns the aforementioned &#8222;capacity&#8221;, the flexibility of jazz music and the victory of creativity over the lack of invention and repetitiveness. What also delights me is the [&#8230;]Outstanding project, that&#8217;s what!&#8221;<\/span><\/span><\/p><p align=\"left\"><span style=\"font-family: Arial, sans-serif;\"><span style=\"font-size: medium;\">Author: Wojciech Sobczak-Woje\u0144ski <\/span><\/span><\/p><p align=\"left\"><span style=\"font-family: Arial, serif;\"><span style=\"font-size: medium;\"><b>Artist:<br \/>Barbara Rogala \u2013 soprano<br \/>Szymon Bo\u0144kowski \u2013 saxophone<br \/>Piotr Andrzejewski \u2013 piano<br \/>Kamil Miszewski &#8211; drums<br \/>Jan Wierzbicki \u2013 double bass<br \/>Grzegorz Rogala \u2013 trombone<\/b><\/span><\/span><\/p>\t\t\t\t\t\t<\/div>\n\t\t\t\t<\/div>\n\t\t\t\t\t<\/div>\n\t\t<\/div>\n\t\t\t\t\t<\/div>\n\t\t<\/section>\n\t\t\t\t<section class=\"elementor-section elementor-top-section elementor-element elementor-element-7de198f elementor-section-boxed elementor-section-height-default elementor-section-height-default\" data-id=\"7de198f\" data-element_type=\"section\">\n\t\t\t\t\t\t<div class=\"elementor-container elementor-column-gap-default\">\n\t\t\t\t\t<div class=\"elementor-column elementor-col-100 elementor-top-column elementor-element elementor-element-29b7f36\" data-id=\"29b7f36\" data-element_type=\"column\">\n\t\t\t<div class=\"elementor-widget-wrap elementor-element-populated\">\n\t\t\t\t\t\t<div class=\"elementor-element elementor-element-dfe5e84 elementor-widget elementor-widget-text-editor\" data-id=\"dfe5e84\" data-element_type=\"widget\" data-no-translation=\"\" data-widget_type=\"text-editor.default\">\n\t\t\t\t<div class=\"elementor-widget-container\">\n\t\t\t<style>.elementor-element-dfe5e84{display:none !important}<\/style>\t\t<\/div>\n\t\t\t\t<\/div>\n\t\t\t\t\t<\/div>\n\t\t<\/div>\n\t\t\t\t\t<\/div>\n\t\t<\/section>\n\t\t\t\t<section class=\"elementor-section elementor-top-section elementor-element elementor-element-826abbb elementor-section-boxed elementor-section-height-default elementor-section-height-default\" data-id=\"826abbb\" data-element_type=\"section\">\n\t\t\t\t\t\t<div class=\"elementor-container elementor-column-gap-default\">\n\t\t\t\t\t<div class=\"elementor-column elementor-col-100 elementor-top-column elementor-element elementor-element-d8f91d2\" data-id=\"d8f91d2\" data-element_type=\"column\">\n\t\t\t<div class=\"elementor-widget-wrap elementor-element-populated\">\n\t\t\t\t\t\t<div class=\"elementor-element elementor-element-c0c3c0f elementor-widget elementor-widget-video\" data-id=\"c0c3c0f\" data-element_type=\"widget\" data-settings=\"{&quot;youtube_url&quot;:&quot;https:\\\/\\\/www.youtube.com\\\/watch?v=xBV2KMSXkv0&amp;t=32s&amp;ab_channel=RogalaMusic&quot;,&quot;video_type&quot;:&quot;youtube&quot;,&quot;controls&quot;:&quot;yes&quot;}\" data-widget_type=\"video.default\">\n\t\t\t\t<div class=\"elementor-widget-container\">\n\t\t\t\t\t<div class=\"elementor-wrapper elementor-open-inline\">\n\t\t\t<div class=\"elementor-video\"><\/div>\t\t<\/div>\n\t\t\t\t<\/div>\n\t\t\t\t<\/div>\n\t\t\t\t\t<\/div>\n\t\t<\/div>\n\t\t\t\t\t<\/div>\n\t\t<\/section>\n\t\t\t\t<\/div>","protected":false},"excerpt":{"rendered":"<p>P.G.R. &#8211; Polish Psalter P.G.R. \u2013 Projekt Grzegorza Rogali, is a jazz project expressing the idea of combining cultures and musical genres. The concept includes a dialogue between Polish, Jewish and classical music. We can find out about it by listening to 4 CDs., Recent two albums P.G.R. &#8211;&#8222;Polish Psalter&#8221; take us back to the&hellip;&nbsp;<a href=\"https:\/\/www.rogalamusic.com\/en\/p-g-r-polish-psalter\/p-g-r-polish-psalter-info\/\" class=\"\" rel=\"bookmark\">Read More &raquo;<span class=\"screen-reader-text\">P.G.R. &#8211; Polish Psalter<\/span><\/a><\/p>","protected":false},"author":1,"featured_media":0,"parent":213,"menu_order":0,"comment_status":"closed","ping_status":"closed","template":"page-templates\/template-pagebuilder-full-width.php","meta":{"neve_meta_sidebar":"","neve_meta_container":"","neve_meta_enable_content_width":"","neve_meta_content_width":0,"neve_meta_title_alignment":"","neve_meta_author_avatar":"","neve_post_elements_order":"","neve_meta_disable_header":"","neve_meta_disable_footer":"","neve_meta_disable_title":"","footnotes":""},"_links":{"self":[{"href":"https:\/\/www.rogalamusic.com\/en\/wp-json\/wp\/v2\/pages\/980"}],"collection":[{"href":"https:\/\/www.rogalamusic.com\/en\/wp-json\/wp\/v2\/pages"}],"about":[{"href":"https:\/\/www.rogalamusic.com\/en\/wp-json\/wp\/v2\/types\/page"}],"author":[{"embeddable":true,"href":"https:\/\/www.rogalamusic.com\/en\/wp-json\/wp\/v2\/users\/1"}],"replies":[{"embeddable":true,"href":"https:\/\/www.rogalamusic.com\/en\/wp-json\/wp\/v2\/comments?post=980"}],"version-history":[{"count":55,"href":"https:\/\/www.rogalamusic.com\/en\/wp-json\/wp\/v2\/pages\/980\/revisions"}],"predecessor-version":[{"id":1200,"href":"https:\/\/www.rogalamusic.com\/en\/wp-json\/wp\/v2\/pages\/980\/revisions\/1200"}],"up":[{"embeddable":true,"href":"https:\/\/www.rogalamusic.com\/en\/wp-json\/wp\/v2\/pages\/213"}],"wp:attachment":[{"href":"https:\/\/www.rogalamusic.com\/en\/wp-json\/wp\/v2\/media?parent=980"}],"curies":[{"name":"wp","href":"https:\/\/api.w.org\/{rel}","templated":true}]}}