{"id":747,"date":"2023-11-10T19:42:07","date_gmt":"2023-11-10T18:42:07","guid":{"rendered":"https:\/\/www.rogalamusic.com\/?page_id=747"},"modified":"2023-11-28T11:05:07","modified_gmt":"2023-11-28T10:05:07","slug":"piesni-wolnosci","status":"publish","type":"page","link":"https:\/\/www.rogalamusic.com\/en\/piesni-wolnosci\/","title":{"rendered":"Songs of Freedom"},"content":{"rendered":"<div data-elementor-type=\"wp-page\" data-elementor-id=\"747\" class=\"elementor elementor-747\">\n\t\t\t\t\t\t<section class=\"elementor-section elementor-top-section elementor-element elementor-element-45fcd52c elementor-section-boxed elementor-section-height-default elementor-section-height-default\" data-id=\"45fcd52c\" data-element_type=\"section\">\n\t\t\t\t\t\t<div class=\"elementor-container elementor-column-gap-default\">\n\t\t\t\t\t<div class=\"elementor-column elementor-col-100 elementor-top-column elementor-element elementor-element-6985b6b8\" data-id=\"6985b6b8\" data-element_type=\"column\">\n\t\t\t<div class=\"elementor-widget-wrap elementor-element-populated\">\n\t\t\t\t\t\t<div class=\"elementor-element elementor-element-6ba12144 elementor-widget elementor-widget-text-editor\" data-id=\"6ba12144\" data-element_type=\"widget\" data-widget_type=\"text-editor.default\">\n\t\t\t\t<div class=\"elementor-widget-container\">\n\t\t\t\t\t\t\t<!-- wp:image {\"align\":\"center\",\"id\":746,\"sizeSlug\":\"large\",\"linkDestination\":\"none\"} -->\n<figure class=\"wp-block-image aligncenter size-large\"><a href=\"https:\/\/www.rogalamusic.com\/en\/product\/piesni-wolnosci-cd\/\"><img fetchpriority=\"high\" decoding=\"async\" class=\"alignnone wp-image-746\" src=\"https:\/\/www.rogalamusic.com\/wp-content\/uploads\/2023\/11\/Baner_Piesni_Wolnosci-1024x386.jpg\" alt=\"Pie\u015bni Wolno\u015bci\" width=\"1024\" height=\"386\" srcset=\"https:\/\/www.rogalamusic.com\/wp-content\/uploads\/2023\/11\/Baner_Piesni_Wolnosci-1024x386.jpg 1024w, https:\/\/www.rogalamusic.com\/wp-content\/uploads\/2023\/11\/Baner_Piesni_Wolnosci-300x113.jpg 300w, https:\/\/www.rogalamusic.com\/wp-content\/uploads\/2023\/11\/Baner_Piesni_Wolnosci-768x289.jpg 768w, https:\/\/www.rogalamusic.com\/wp-content\/uploads\/2023\/11\/Baner_Piesni_Wolnosci-1536x578.jpg 1536w, https:\/\/www.rogalamusic.com\/wp-content\/uploads\/2023\/11\/Baner_Piesni_Wolnosci-18x7.jpg 18w, https:\/\/www.rogalamusic.com\/wp-content\/uploads\/2023\/11\/Baner_Piesni_Wolnosci-24x9.jpg 24w, https:\/\/www.rogalamusic.com\/wp-content\/uploads\/2023\/11\/Baner_Piesni_Wolnosci-36x14.jpg 36w, https:\/\/www.rogalamusic.com\/wp-content\/uploads\/2023\/11\/Baner_Piesni_Wolnosci-48x18.jpg 48w, https:\/\/www.rogalamusic.com\/wp-content\/uploads\/2023\/11\/Baner_Piesni_Wolnosci-600x226.jpg 600w, https:\/\/www.rogalamusic.com\/wp-content\/uploads\/2023\/11\/Baner_Piesni_Wolnosci.jpg 1920w\" sizes=\"(max-width: 1024px) 100vw, 1024px\" \/><\/a><\/figure>\n<!-- \/wp:image --><!-- wp:paragraph -->\n<p>\u00a0<\/p>\n<!-- \/wp:paragraph --><!-- wp:paragraph -->\n<p>&#8222;Pie\u015bni Wolno\u015bci&#8221; to materia\u0142 obejmuj\u0105cy pie\u015bni skomponowane, do s\u0142\u00f3w polskich poet\u00f3w z okresu od drugiej po\u0142owy XIX wieku do czas\u00f3w &#8222;Solidarno\u015bci&#8221;. Wybrane teksty ukazuj\u0105 nastroje spo\u0142eczne panuj\u0105ce przed i po wybuchu Powstania Styczniowego, dotykaj\u0105 trudnych wydarze\u0144, takich jak m.in. Strajk Dzieci z Wrze\u015bni, a w ko\u0144cu prowadz\u0105 nas do Stoczni Gda\u0144skiej, gdzie &#8222;(\u2026) mi\u0119dzy snem a jaw\u0105 widzi si\u0119 siebie, biegn\u0105cego wok\u00f3\u0142, a r\u0119ka Twoja staje si\u0119 bu\u0142aw\u0105 (\u2026)&#8221;. Swoistym wst\u0119pem do podr\u00f3\u017cy po wy\u017cej wymienionych wydarzeniach historycznych s\u0105 s\u0142owa, zawarte w pierwszym utworze &#8222;Ojczyzna&#8221; z poematu Karola Wojty\u0142y &#8222;My\u015bl\u0105c Ojczyzna&#8221;. Pisze On bowiem, \u017ce &#8222;Wolno\u015b\u0107 trzeba stale zdobywa\u0107, nie mo\u017cna Jej tylko posiada\u0107&#8221;.<\/p>\n<!-- \/wp:paragraph --><!-- wp:paragraph -->\n<p>W czasie koncertu s\u0105 wykonywane nowopowsta\u0142e utwory, do muzyki Grzegorza Rogali. (Wyj\u0105tek stanowi &#8222;Rota&#8221;)<\/p>\n<!-- \/wp:paragraph --><!-- wp:paragraph -->\n<p>&#8222;Ojczyzna&#8221; (wyb\u00f3r z poematu &#8222;My\u015bl\u0105c Ojczyzna&#8221;) &#8211; s\u0142owa: Karol Wojty\u0142a<br \/>\u201cMaraton\u201d (wst\u0119p) \u2013 s\u0142owa: Kornel Ujejski<br \/>&#8222;DO * [Cypriana Norwida]&#8221; &#8211; s\u0142owa: Teofil Lenarotowicz<br \/>&#8222;Ku m\u0142odziankom polskim&#8221; \u2013s\u0142owa: J\u00f3zef Bohdan Zaleski<br \/>\u201eZgniot\u0105 Nas Tyrany\u2026\u201d &#8211; s\u0142owa: Henryk Merzbach<br \/>\u201cRota\u201d &#8211; s\u0142owa Maria Konopnicka, muzyka Feliks Nowowiejski<br \/>\u201cDwie Ojczyzny\u201d &#8211; s\u0142owa: Antoni S\u0142onimski<br \/>\u201cPacierz sierpniowy\u201d &#8211; s\u0142owa: Tadeusz Nowak<\/p>\n<!-- \/wp:paragraph --><!-- wp:paragraph -->\n<p>Sk\u0142ad Wykonawczy:<br \/>Barbara Rogala \u2013 sopran<br \/>Grzegorz Rogala &#8211; puzon\/improwizacja\/kompozycje<br \/>Kwartet BEFANE w sk\u0142adzie:<\/p>\n<!-- \/wp:paragraph --><!-- wp:paragraph -->\n<p>Kamila W\u00f3jcicka \u2013 skrzypce<br \/>Ma\u0142gorzata Kwa\u015bniak \u2013 skrzypce<br \/>Ma\u0142gorzata Sielatycka-Sobczyk &#8211; alt\u00f3wka<br \/>Zofia \u0141\u0119czycka \u2013 wiolonczela<br \/>Premiera Albumu CD &#8211; 12.11.2023<\/p>\n<!-- \/wp:paragraph -->\t\t\t\t\t\t<\/div>\n\t\t\t\t<\/div>\n\t\t\t\t\t<\/div>\n\t\t<\/div>\n\t\t\t\t\t<\/div>\n\t\t<\/section>\n\t\t\t\t<section class=\"elementor-section elementor-top-section elementor-element elementor-element-ed5740e elementor-section-boxed elementor-section-height-default elementor-section-height-default\" data-id=\"ed5740e\" data-element_type=\"section\">\n\t\t\t\t\t\t<div class=\"elementor-container elementor-column-gap-default\">\n\t\t\t\t\t<div class=\"elementor-column elementor-col-100 elementor-top-column elementor-element elementor-element-9b16b20\" data-id=\"9b16b20\" data-element_type=\"column\">\n\t\t\t<div class=\"elementor-widget-wrap elementor-element-populated\">\n\t\t\t\t\t\t<div class=\"elementor-element elementor-element-32c4a39 elementor-widget elementor-widget-video\" data-id=\"32c4a39\" data-element_type=\"widget\" data-settings=\"{&quot;youtube_url&quot;:&quot;https:\\\/\\\/youtu.be\\\/m67HnK1eVSs?feature=shared&quot;,&quot;video_type&quot;:&quot;youtube&quot;,&quot;controls&quot;:&quot;yes&quot;}\" data-widget_type=\"video.default\">\n\t\t\t\t<div class=\"elementor-widget-container\">\n\t\t\t\t\t<div class=\"elementor-wrapper elementor-open-inline\">\n\t\t\t<div class=\"elementor-video\"><\/div>\t\t<\/div>\n\t\t\t\t<\/div>\n\t\t\t\t<\/div>\n\t\t\t\t\t<\/div>\n\t\t<\/div>\n\t\t\t\t\t<\/div>\n\t\t<\/section>\n\t\t\t\t<\/div>","protected":false},"excerpt":{"rendered":"<p>\u00a0 &#8222;Pie\u015bni Wolno\u015bci&#8221; to materia\u0142 obejmuj\u0105cy pie\u015bni skomponowane, do s\u0142\u00f3w polskich poet\u00f3w z okresu od drugiej po\u0142owy XIX wieku do czas\u00f3w &#8222;Solidarno\u015bci&#8221;. Wybrane teksty ukazuj\u0105 nastroje spo\u0142eczne panuj\u0105ce przed i po wybuchu Powstania Styczniowego, dotykaj\u0105 trudnych wydarze\u0144, takich jak m.in. Strajk Dzieci z Wrze\u015bni, a w ko\u0144cu prowadz\u0105 nas do Stoczni Gda\u0144skiej, gdzie &#8222;(\u2026) mi\u0119dzy&hellip;&nbsp;<a href=\"https:\/\/www.rogalamusic.com\/en\/piesni-wolnosci\/\" class=\"\" rel=\"bookmark\">Read More &raquo;<span class=\"screen-reader-text\">Songs of Freedom<\/span><\/a><\/p>","protected":false},"author":1,"featured_media":0,"parent":0,"menu_order":0,"comment_status":"closed","ping_status":"closed","template":"","meta":{"neve_meta_sidebar":"","neve_meta_container":"","neve_meta_enable_content_width":"","neve_meta_content_width":0,"neve_meta_title_alignment":"","neve_meta_author_avatar":"","neve_post_elements_order":"","neve_meta_disable_header":"","neve_meta_disable_footer":"","neve_meta_disable_title":"","footnotes":""},"_links":{"self":[{"href":"https:\/\/www.rogalamusic.com\/en\/wp-json\/wp\/v2\/pages\/747"}],"collection":[{"href":"https:\/\/www.rogalamusic.com\/en\/wp-json\/wp\/v2\/pages"}],"about":[{"href":"https:\/\/www.rogalamusic.com\/en\/wp-json\/wp\/v2\/types\/page"}],"author":[{"embeddable":true,"href":"https:\/\/www.rogalamusic.com\/en\/wp-json\/wp\/v2\/users\/1"}],"replies":[{"embeddable":true,"href":"https:\/\/www.rogalamusic.com\/en\/wp-json\/wp\/v2\/comments?post=747"}],"version-history":[{"count":8,"href":"https:\/\/www.rogalamusic.com\/en\/wp-json\/wp\/v2\/pages\/747\/revisions"}],"predecessor-version":[{"id":792,"href":"https:\/\/www.rogalamusic.com\/en\/wp-json\/wp\/v2\/pages\/747\/revisions\/792"}],"wp:attachment":[{"href":"https:\/\/www.rogalamusic.com\/en\/wp-json\/wp\/v2\/media?parent=747"}],"curies":[{"name":"wp","href":"https:\/\/api.w.org\/{rel}","templated":true}]}}