{"id":583,"date":"2021-08-13T06:59:41","date_gmt":"2021-08-13T04:59:41","guid":{"rendered":"https:\/\/www.rogalamusic.com\/?page_id=583"},"modified":"2021-08-13T07:03:04","modified_gmt":"2021-08-13T05:03:04","slug":"prasa","status":"publish","type":"page","link":"https:\/\/www.rogalamusic.com\/en\/barbara-rogala\/prasa\/","title":{"rendered":"Press"},"content":{"rendered":"<div data-elementor-type=\"wp-page\" data-elementor-id=\"583\" class=\"elementor elementor-583\">\n\t\t\t\t\t\t<section class=\"elementor-section elementor-top-section elementor-element elementor-element-1c8d54c elementor-section-boxed elementor-section-height-default elementor-section-height-default\" data-id=\"1c8d54c\" data-element_type=\"section\">\n\t\t\t\t\t\t<div class=\"elementor-container elementor-column-gap-default\">\n\t\t\t\t\t<div class=\"elementor-column elementor-col-100 elementor-top-column elementor-element elementor-element-a60df5b\" data-id=\"a60df5b\" data-element_type=\"column\">\n\t\t\t<div class=\"elementor-widget-wrap elementor-element-populated\">\n\t\t\t\t\t\t<div class=\"elementor-element elementor-element-25818b3 elementor-widget elementor-widget-image\" data-id=\"25818b3\" data-element_type=\"widget\" data-widget_type=\"image.default\">\n\t\t\t\t<div class=\"elementor-widget-container\">\n\t\t\t\t\t\t\t\t\t\t\t\t\t<img fetchpriority=\"high\" decoding=\"async\" width=\"1024\" height=\"404\" src=\"https:\/\/www.rogalamusic.com\/wp-content\/uploads\/2021\/08\/zdjecie-Basi-do-prasy-strona--1024x404.jpeg\" class=\"attachment-large size-large wp-image-578\" alt=\"\" srcset=\"https:\/\/www.rogalamusic.com\/wp-content\/uploads\/2021\/08\/zdjecie-Basi-do-prasy-strona--1024x404.jpeg 1024w, https:\/\/www.rogalamusic.com\/wp-content\/uploads\/2021\/08\/zdjecie-Basi-do-prasy-strona--300x118.jpeg 300w, https:\/\/www.rogalamusic.com\/wp-content\/uploads\/2021\/08\/zdjecie-Basi-do-prasy-strona--768x303.jpeg 768w, https:\/\/www.rogalamusic.com\/wp-content\/uploads\/2021\/08\/zdjecie-Basi-do-prasy-strona--1536x607.jpeg 1536w, https:\/\/www.rogalamusic.com\/wp-content\/uploads\/2021\/08\/zdjecie-Basi-do-prasy-strona--2048x809.jpeg 2048w, https:\/\/www.rogalamusic.com\/wp-content\/uploads\/2021\/08\/zdjecie-Basi-do-prasy-strona--18x7.jpeg 18w, https:\/\/www.rogalamusic.com\/wp-content\/uploads\/2021\/08\/zdjecie-Basi-do-prasy-strona--24x9.jpeg 24w, https:\/\/www.rogalamusic.com\/wp-content\/uploads\/2021\/08\/zdjecie-Basi-do-prasy-strona--36x14.jpeg 36w, https:\/\/www.rogalamusic.com\/wp-content\/uploads\/2021\/08\/zdjecie-Basi-do-prasy-strona--48x19.jpeg 48w, https:\/\/www.rogalamusic.com\/wp-content\/uploads\/2021\/08\/zdjecie-Basi-do-prasy-strona--600x237.jpeg 600w\" sizes=\"(max-width: 1024px) 100vw, 1024px\" \/>\t\t\t\t\t\t\t\t\t\t\t\t\t<\/div>\n\t\t\t\t<\/div>\n\t\t\t\t\t<\/div>\n\t\t<\/div>\n\t\t\t\t\t<\/div>\n\t\t<\/section>\n\t\t\t\t<section class=\"elementor-section elementor-top-section elementor-element elementor-element-ec31a1b elementor-section-boxed elementor-section-height-default elementor-section-height-default\" data-id=\"ec31a1b\" data-element_type=\"section\">\n\t\t\t\t\t\t<div class=\"elementor-container elementor-column-gap-default\">\n\t\t\t\t\t<div class=\"elementor-column elementor-col-100 elementor-top-column elementor-element elementor-element-da404ee\" data-id=\"da404ee\" data-element_type=\"column\">\n\t\t\t<div class=\"elementor-widget-wrap elementor-element-populated\">\n\t\t\t\t\t\t<div class=\"elementor-element elementor-element-a58bdd2 elementor-widget elementor-widget-obfx-posts-grid\" data-id=\"a58bdd2\" data-element_type=\"widget\" data-no-translation=\"\" data-widget_type=\"obfx-posts-grid.default\">\n\t\t\t\t<div class=\"elementor-widget-container\">\n\t\t\t<style>.elementor-element-a58bdd2{display:none !important}<\/style>\t\t<\/div>\n\t\t\t\t<\/div>\n\t\t\t\t\t<\/div>\n\t\t<\/div>\n\t\t\t\t\t<\/div>\n\t\t<\/section>\n\t\t\t\t<section class=\"elementor-section elementor-top-section elementor-element elementor-element-94c06a7 elementor-section-boxed elementor-section-height-default elementor-section-height-default\" data-id=\"94c06a7\" data-element_type=\"section\">\n\t\t\t\t\t\t<div class=\"elementor-container elementor-column-gap-default\">\n\t\t\t\t\t<div class=\"elementor-column elementor-col-100 elementor-top-column elementor-element elementor-element-4feb208\" data-id=\"4feb208\" data-element_type=\"column\">\n\t\t\t<div class=\"elementor-widget-wrap elementor-element-populated\">\n\t\t\t\t\t\t<div class=\"elementor-element elementor-element-5cfc910 elementor-widget elementor-widget-obfx-posts-grid\" data-id=\"5cfc910\" data-element_type=\"widget\" data-no-translation=\"\" data-widget_type=\"obfx-posts-grid.default\">\n\t\t\t\t<div class=\"elementor-widget-container\">\n\t\t\t<div class=\"obfx-grid\"><div class=\"obfx-grid-container obfx-grid-desktop-3\"><div class=\"obfx-grid-wrapper\"><article class=\"obfx-grid-col obfx-no-image\"><div class=\"obfx-grid-col-content\">\t\t\t<h2 class=\"entry-title obfx-grid-title\">\n\t\t\t\t\t\t\t<a href=\"https:\/\/www.rogalamusic.com\/en\/prasa-barbara-rogala-en\/polish-psalter-quarter-year-cd-of-presto32-2\/\" title=\"Polish Psalter \u2013 quarter year CD of Presto#32\">\n\t\t\t\t\tPolish Psalter \u2013 quarter year CD of Presto#32\t\t\t\t<\/a>\n\t\t\t\t\t\t\t<\/h2>\n\t\t\t\t\t\t\t<div class=\"entry-meta obfx-grid-meta\">\n\n\t\t\t\t\t\t\t\t\t\t\t\t\t<span class=\"obfx-grid-date\">\n\t\t\t\t\t\t\t\t\t<i class=\"fas fa-calendar\"><\/i>7 August 2021\t\t\t\t\t\t\t\t<\/span>\n\t\t\t\t\t\t\t\t\n\t\t\t\t<\/div>\n\t\t\t\t\t\t\t<div class=\"entry-content obfx-grid-content\">\n\t\t\t\t<p>&#8222;(&#8230;) Barbara Rogali&#8217;s voice sounds strong and decisive over the harmonious band. Because he also sings about important things. Even a non-believer will find comfort in the stanzas of happiness, peace, love. (&#8230;)&#8221;<\/p>\n<p>Kinga A. Wojciechowska<\/p>\n\t\t\t<\/div>\n\t\t\t<div class=\"obfx-grid-footer\"><a href=\"https:\/\/www.rogalamusic.com\/en\/prasa-barbara-rogala-en\/polish-psalter-quarter-year-cd-of-presto32-2\/\" title=\"Read more...\">Read more...<\/a><\/div><\/div><\/article><\/div>\t\t\t\t<div class=\"obfx-grid-pagination\">\n\t\t\t\t\t\t\t\t\t\t<nav class=\"pagination\">\n\t\t\t\t\t\t\t\t\t\t\t<\/nav>\n\t\t\t\t<\/div>\n\t\t\t\t<\/div><!-- .obfx-grid-container --><\/div><!-- .obfx-grid -->\t\t<\/div>\n\t\t\t\t<\/div>\n\t\t\t\t\t<\/div>\n\t\t<\/div>\n\t\t\t\t\t<\/div>\n\t\t<\/section>\n\t\t\t\t<\/div>","protected":false},"excerpt":{"rendered":"<p>Polish Psalter \u2013 P\u0142yta kwarta\u0142u Presto #32 6 sierpnia 2021 \u201c(\u2026)Nad \u015bwietnie zgranym zespo\u0142em g\u0142os Barbary Rogali brzmi mocno i zdecydowanie. Bo te\u017c \u015bpiewa o sprawach wa\u017cnych. Nawet osoba niewierz\u0105ca znajdzie dla siebie pocieszenie w strofach o szcz\u0119\u015bciu,spokoju,mi\u0142o\u015bci.(\u2026)\u201d Kinga A. Wojciechowska Czytaj wi\u0119cej&#8230;<\/p>","protected":false},"author":1,"featured_media":0,"parent":50,"menu_order":0,"comment_status":"closed","ping_status":"closed","template":"page-templates\/template-pagebuilder-full-width.php","meta":{"neve_meta_sidebar":"full-width","neve_meta_container":"","neve_meta_enable_content_width":"on","neve_meta_content_width":100,"neve_meta_title_alignment":"","neve_meta_author_avatar":"","neve_post_elements_order":"","neve_meta_disable_header":"","neve_meta_disable_footer":"","neve_meta_disable_title":"","footnotes":""},"_links":{"self":[{"href":"https:\/\/www.rogalamusic.com\/en\/wp-json\/wp\/v2\/pages\/583"}],"collection":[{"href":"https:\/\/www.rogalamusic.com\/en\/wp-json\/wp\/v2\/pages"}],"about":[{"href":"https:\/\/www.rogalamusic.com\/en\/wp-json\/wp\/v2\/types\/page"}],"author":[{"embeddable":true,"href":"https:\/\/www.rogalamusic.com\/en\/wp-json\/wp\/v2\/users\/1"}],"replies":[{"embeddable":true,"href":"https:\/\/www.rogalamusic.com\/en\/wp-json\/wp\/v2\/comments?post=583"}],"version-history":[{"count":5,"href":"https:\/\/www.rogalamusic.com\/en\/wp-json\/wp\/v2\/pages\/583\/revisions"}],"predecessor-version":[{"id":589,"href":"https:\/\/www.rogalamusic.com\/en\/wp-json\/wp\/v2\/pages\/583\/revisions\/589"}],"up":[{"embeddable":true,"href":"https:\/\/www.rogalamusic.com\/en\/wp-json\/wp\/v2\/pages\/50"}],"wp:attachment":[{"href":"https:\/\/www.rogalamusic.com\/en\/wp-json\/wp\/v2\/media?parent=583"}],"curies":[{"name":"wp","href":"https:\/\/api.w.org\/{rel}","templated":true}]}}