{"id":52,"date":"2020-12-08T12:58:05","date_gmt":"2020-12-08T11:58:05","guid":{"rendered":"https:\/\/www.rogalamusic.com\/?page_id=52"},"modified":"2026-01-20T07:10:10","modified_gmt":"2026-01-20T06:10:10","slug":"grzegorz-rogala","status":"publish","type":"page","link":"https:\/\/www.rogalamusic.com\/en\/grzegorz-rogala\/","title":{"rendered":"Grzegorz Rogala"},"content":{"rendered":"<div data-elementor-type=\"wp-page\" data-elementor-id=\"52\" class=\"elementor elementor-52\">\n\t\t\t\t\t\t<section class=\"elementor-section elementor-top-section elementor-element elementor-element-5dae991 elementor-section-boxed elementor-section-height-default elementor-section-height-default\" data-id=\"5dae991\" data-element_type=\"section\" data-no-translation=\"\">\n\t\t\t\t\t\t<div class=\"elementor-container elementor-column-gap-default\">\n\t\t\t\t\t<div class=\"elementor-column elementor-col-50 elementor-top-column elementor-element elementor-element-63b6c03\" data-id=\"63b6c03\" data-element_type=\"column\">\n\t\t\t<div class=\"elementor-widget-wrap elementor-element-populated\">\n\t\t\t\t\t\t<div class=\"elementor-element elementor-element-c81261e elementor-widget elementor-widget-image\" data-id=\"c81261e\" data-element_type=\"widget\" data-widget_type=\"image.default\">\n\t\t\t\t<div class=\"elementor-widget-container\">\n\t\t\t\t\t\t\t\t\t\t\t\t\t<img fetchpriority=\"high\" decoding=\"async\" width=\"684\" height=\"1024\" src=\"https:\/\/www.rogalamusic.com\/wp-content\/uploads\/2026\/01\/Grzegorz-Zamyslony-BW-684x1024.jpg\" class=\"attachment-large size-large wp-image-1493\" alt=\"\" srcset=\"https:\/\/www.rogalamusic.com\/wp-content\/uploads\/2026\/01\/Grzegorz-Zamyslony-BW-684x1024.jpg 684w, https:\/\/www.rogalamusic.com\/wp-content\/uploads\/2026\/01\/Grzegorz-Zamyslony-BW-200x300.jpg 200w, https:\/\/www.rogalamusic.com\/wp-content\/uploads\/2026\/01\/Grzegorz-Zamyslony-BW-768x1151.jpg 768w, https:\/\/www.rogalamusic.com\/wp-content\/uploads\/2026\/01\/Grzegorz-Zamyslony-BW-1025x1536.jpg 1025w, https:\/\/www.rogalamusic.com\/wp-content\/uploads\/2026\/01\/Grzegorz-Zamyslony-BW-8x12.jpg 8w, https:\/\/www.rogalamusic.com\/wp-content\/uploads\/2026\/01\/Grzegorz-Zamyslony-BW-16x24.jpg 16w, https:\/\/www.rogalamusic.com\/wp-content\/uploads\/2026\/01\/Grzegorz-Zamyslony-BW-24x36.jpg 24w, https:\/\/www.rogalamusic.com\/wp-content\/uploads\/2026\/01\/Grzegorz-Zamyslony-BW-32x48.jpg 32w, https:\/\/www.rogalamusic.com\/wp-content\/uploads\/2026\/01\/Grzegorz-Zamyslony-BW-300x449.jpg 300w, https:\/\/www.rogalamusic.com\/wp-content\/uploads\/2026\/01\/Grzegorz-Zamyslony-BW-600x899.jpg 600w, https:\/\/www.rogalamusic.com\/wp-content\/uploads\/2026\/01\/Grzegorz-Zamyslony-BW.jpg 1367w\" sizes=\"(max-width: 684px) 100vw, 684px\" \/>\t\t\t\t\t\t\t\t\t\t\t\t\t<\/div>\n\t\t\t\t<\/div>\n\t\t\t\t\t<\/div>\n\t\t<\/div>\n\t\t\t\t<div class=\"elementor-column elementor-col-50 elementor-top-column elementor-element elementor-element-2cb1a10\" data-id=\"2cb1a10\" data-element_type=\"column\">\n\t\t\t<div class=\"elementor-widget-wrap elementor-element-populated\">\n\t\t\t\t\t\t<div class=\"elementor-element elementor-element-c7f95a4 elementor-widget elementor-widget-text-editor\" data-id=\"c7f95a4\" data-element_type=\"widget\" data-widget_type=\"text-editor.default\">\n\t\t\t\t<div class=\"elementor-widget-container\">\n\t\t\t\t\t\t\t<h2>Grzegorz Rogala \u2013 trombone (Poland)<\/h2>\n<p>Trombonist composer, arranger. A graduate of the Jazz Institut Berlin. Scholarship holder Berklee College of Music (Boston). He studied with Jiggs Whigham, and Phil Wilson.<\/p>\n<p>Achievements: individual distinction at the FAMA festival (2005), winner of the festivals: Nadzieje Warszawy and the Berlin Jazz &amp; Blues Award (with the Kattorna band). Member of the international bigband European Colors Jazz Orchestra. Winner of the Phil Wilson Award. (2009).<\/p>\n<p>Discography:<br>\n\u201eKattorna\u201d &#8211; Kattorna (2007)<br>\n\u201eStraying To The Moon&#8221; \u2013 Kattorna (2010),<br>\n\u201eEnthuzjazzm\u201c \u2013 P.G.R. (2011),<br>\n\u201eBallady i Transe\u201d &#8211; Agnellus (2012),<br>\n\u201ePoezjazz\u201d &#8211; PGR &amp; Zilberman (2014),<br>\n\u201eKapela Polonica\u201d &#8211; G.F. Telemann (2018 &#8211; Producer)<br>\n\u201eBal dlaubogich.Tribute to Tuwim\u201d &#8211; Agnellus (2019)<br>\n\u201ePolish Psalter\u201d &#8211; P.G.R. (2020)<br>\n&#8222;Polish Psalter vol. 2&#8221; &#8211; P.G.R. (2023)<br>\n&#8222;Pie\u015bni Wolno\u015bci&#8221; (2023)<\/p>\n<p>Leader of such projects like: PGR, 2+, Grzegorz Rogala trio, Native Jazz Trio.<br>\nHe has performed at festivals such as: Krzysztof Komeda&#8217;s Festival, Summer Jazz Academy, G\u0142ogowskie Jazz Meetings, Jazz in Ruins, Od Nowa Jazz Festival, Ancona Summer Jazz (Italy), Marigliano Jazz Festival (Italy), Leipziger Jazz Tage (Germany), Sounds no Walls (Germany), Jazz Ahead (Germany), Flugery Lwowa (Ukraine), Stockholm Jazz Festival (Sweden),<\/p>\n<p>In year 2018 he composed music to poems of Polish Poets from XIX-XXI<br>\nc. and arranged for soprano and string quartet in frame of funded by Polish<br>\nCulture Ministry and Programm Independent project \u201eZgniot\u0105 nas tyrany,<br>\npowstaniem na nowo\/ Crushed by tyrant, we stand up again\u201d<\/p>\n<p>&nbsp;<\/p>\t\t\t\t\t\t<\/div>\n\t\t\t\t<\/div>\n\t\t\t\t\t<\/div>\n\t\t<\/div>\n\t\t\t\t\t<\/div>\n\t\t<\/section>\n\t\t\t\t<\/div>","protected":false},"excerpt":{"rendered":"<p>Grzegorz Rogala Puzonista, kompozytor, aran\u017cer, producent. Absolwent Jazz Institut Berlin i stypendysta Berklee College of Music. Studiowa\u0142 u Jiggsa Whighama, Ludwika Nussa oraz Phila Wilsona. Kompozycj\u0119 studiowa\u0142 u Johna Hollenbecka (Grammy Award). Osi\u0105gni\u0119cia: indywidualne wyr\u00f3\u017cnienie na festiwalu FAMA (2005 r.), laureat festiwali: Nadzieje Warszawy i Berlin Jazz &amp; Blues Award (z zespo\u0142em Kattorna). Cz\u0142onek miedzynarodowego&hellip;&nbsp;<a href=\"https:\/\/www.rogalamusic.com\/en\/grzegorz-rogala\/\" class=\"\" rel=\"bookmark\">Read More &raquo;<span class=\"screen-reader-text\">Grzegorz Rogala<\/span><\/a><\/p>","protected":false},"author":1,"featured_media":0,"parent":0,"menu_order":0,"comment_status":"closed","ping_status":"closed","template":"page-templates\/template-pagebuilder-full-width.php","meta":{"neve_meta_sidebar":"full-width","neve_meta_container":"","neve_meta_enable_content_width":"on","neve_meta_content_width":100,"neve_meta_title_alignment":"","neve_meta_author_avatar":"","neve_post_elements_order":"","neve_meta_disable_header":"","neve_meta_disable_footer":"","neve_meta_disable_title":"","footnotes":""},"_links":{"self":[{"href":"https:\/\/www.rogalamusic.com\/en\/wp-json\/wp\/v2\/pages\/52"}],"collection":[{"href":"https:\/\/www.rogalamusic.com\/en\/wp-json\/wp\/v2\/pages"}],"about":[{"href":"https:\/\/www.rogalamusic.com\/en\/wp-json\/wp\/v2\/types\/page"}],"author":[{"embeddable":true,"href":"https:\/\/www.rogalamusic.com\/en\/wp-json\/wp\/v2\/users\/1"}],"replies":[{"embeddable":true,"href":"https:\/\/www.rogalamusic.com\/en\/wp-json\/wp\/v2\/comments?post=52"}],"version-history":[{"count":32,"href":"https:\/\/www.rogalamusic.com\/en\/wp-json\/wp\/v2\/pages\/52\/revisions"}],"predecessor-version":[{"id":1496,"href":"https:\/\/www.rogalamusic.com\/en\/wp-json\/wp\/v2\/pages\/52\/revisions\/1496"}],"wp:attachment":[{"href":"https:\/\/www.rogalamusic.com\/en\/wp-json\/wp\/v2\/media?parent=52"}],"curies":[{"name":"wp","href":"https:\/\/api.w.org\/{rel}","templated":true}]}}