{"id":1265,"date":"2025-07-08T09:27:35","date_gmt":"2025-07-08T07:27:35","guid":{"rendered":"https:\/\/www.rogalamusic.com\/?page_id=1265"},"modified":"2025-07-09T20:01:23","modified_gmt":"2025-07-09T18:01:23","slug":"warsztaty-muzyczne","status":"publish","type":"page","link":"https:\/\/www.rogalamusic.com\/en\/warsztaty-muzyczne\/","title":{"rendered":"Music Workshops"},"content":{"rendered":"<div data-elementor-type=\"wp-page\" data-elementor-id=\"1265\" class=\"elementor elementor-1265\">\n\t\t\t\t\t\t<section class=\"elementor-section elementor-top-section elementor-element elementor-element-40874a8 elementor-section-boxed elementor-section-height-default elementor-section-height-default\" data-id=\"40874a8\" data-element_type=\"section\">\n\t\t\t\t\t\t<div class=\"elementor-container elementor-column-gap-default\">\n\t\t\t\t\t<div class=\"elementor-column elementor-col-100 elementor-top-column elementor-element elementor-element-ffa5c6f\" data-id=\"ffa5c6f\" data-element_type=\"column\">\n\t\t\t<div class=\"elementor-widget-wrap elementor-element-populated\">\n\t\t\t\t\t\t<div class=\"elementor-element elementor-element-fc9b179 elementor-widget elementor-widget-heading\" data-id=\"fc9b179\" data-element_type=\"widget\" data-widget_type=\"heading.default\">\n\t\t\t\t<div class=\"elementor-widget-container\">\n\t\t\t<h2 class=\"elementor-heading-title elementor-size-default\">Music Workshops<\/h2>\t\t<\/div>\n\t\t\t\t<\/div>\n\t\t\t\t\t<\/div>\n\t\t<\/div>\n\t\t\t\t\t<\/div>\n\t\t<\/section>\n\t\t\t\t<section class=\"elementor-section elementor-top-section elementor-element elementor-element-4d96a4f elementor-section-boxed elementor-section-height-default elementor-section-height-default\" data-id=\"4d96a4f\" data-element_type=\"section\">\n\t\t\t\t\t\t<div class=\"elementor-container elementor-column-gap-default\">\n\t\t\t\t\t<div class=\"elementor-column elementor-col-100 elementor-top-column elementor-element elementor-element-f66c608\" data-id=\"f66c608\" data-element_type=\"column\">\n\t\t\t<div class=\"elementor-widget-wrap elementor-element-populated\">\n\t\t\t\t\t\t<div class=\"elementor-element elementor-element-82b0c9b elementor-widget elementor-widget-text-editor\" data-id=\"82b0c9b\" data-element_type=\"widget\" data-widget_type=\"text-editor.default\">\n\t\t\t\t<div class=\"elementor-widget-container\">\n\t\t\t\t\t\t\t<p>Dedykowane zar\u00f3wno dla maluszk\u00f3w, dzieci w wieku przedszkolnym, szkolnym,<br \/>jak i nastolatk\u00f3w.<br \/>Autorskie warsztaty Grzegorza Rogali budz\u0105 ciekawo\u015b\u0107 muzyki.<br \/>U najm\u0142odszych odbywa si\u0119 to g\u0142\u00f3wnie przez zabaw\u0119 i piosenki.<br \/>U nieco starszych dochodzi element wsp\u00f3\u0142pracy i koordynacji<br \/>U jeszcze starszych inspirowanie do tw\u00f3rczo\u015bci w\u0142asnej i ciekawie poprowadzona gaw\u0119da.<\/p>\t\t\t\t\t\t<\/div>\n\t\t\t\t<\/div>\n\t\t\t\t\t<\/div>\n\t\t<\/div>\n\t\t\t\t\t<\/div>\n\t\t<\/section>\n\t\t\t\t<section class=\"elementor-section elementor-top-section elementor-element elementor-element-2f62dad elementor-section-boxed elementor-section-height-default elementor-section-height-default\" data-id=\"2f62dad\" data-element_type=\"section\">\n\t\t\t\t\t\t<div class=\"elementor-container elementor-column-gap-default\">\n\t\t\t\t\t<div class=\"elementor-column elementor-col-100 elementor-top-column elementor-element elementor-element-607b9c1\" data-id=\"607b9c1\" data-element_type=\"column\">\n\t\t\t<div class=\"elementor-widget-wrap elementor-element-populated\">\n\t\t\t\t\t\t<div class=\"elementor-element elementor-element-7cbe7f4 elementor-widget__width-initial elementor-widget elementor-widget-image\" data-id=\"7cbe7f4\" data-element_type=\"widget\" data-widget_type=\"image.default\">\n\t\t\t\t<div class=\"elementor-widget-container\">\n\t\t\t\t\t\t\t\t\t\t\t\t\t<img fetchpriority=\"high\" decoding=\"async\" width=\"1024\" height=\"576\" src=\"https:\/\/www.rogalamusic.com\/wp-content\/uploads\/2025\/07\/Jazz-to-nie-gryzie-2-1024x576.png\" class=\"attachment-large size-large wp-image-1293\" alt=\"\" srcset=\"https:\/\/www.rogalamusic.com\/wp-content\/uploads\/2025\/07\/Jazz-to-nie-gryzie-2-1024x576.png 1024w, https:\/\/www.rogalamusic.com\/wp-content\/uploads\/2025\/07\/Jazz-to-nie-gryzie-2-300x169.png 300w, https:\/\/www.rogalamusic.com\/wp-content\/uploads\/2025\/07\/Jazz-to-nie-gryzie-2-768x432.png 768w, https:\/\/www.rogalamusic.com\/wp-content\/uploads\/2025\/07\/Jazz-to-nie-gryzie-2-1536x864.png 1536w, https:\/\/www.rogalamusic.com\/wp-content\/uploads\/2025\/07\/Jazz-to-nie-gryzie-2-18x10.png 18w, https:\/\/www.rogalamusic.com\/wp-content\/uploads\/2025\/07\/Jazz-to-nie-gryzie-2-24x14.png 24w, https:\/\/www.rogalamusic.com\/wp-content\/uploads\/2025\/07\/Jazz-to-nie-gryzie-2-36x20.png 36w, https:\/\/www.rogalamusic.com\/wp-content\/uploads\/2025\/07\/Jazz-to-nie-gryzie-2-48x27.png 48w, https:\/\/www.rogalamusic.com\/wp-content\/uploads\/2025\/07\/Jazz-to-nie-gryzie-2-600x338.png 600w, https:\/\/www.rogalamusic.com\/wp-content\/uploads\/2025\/07\/Jazz-to-nie-gryzie-2.png 1920w\" sizes=\"(max-width: 1024px) 100vw, 1024px\" \/>\t\t\t\t\t\t\t\t\t\t\t\t\t<\/div>\n\t\t\t\t<\/div>\n\t\t\t\t\t<\/div>\n\t\t<\/div>\n\t\t\t\t\t<\/div>\n\t\t<\/section>\n\t\t\t\t<section class=\"elementor-section elementor-top-section elementor-element elementor-element-729470b elementor-section-boxed elementor-section-height-default elementor-section-height-default\" data-id=\"729470b\" data-element_type=\"section\">\n\t\t\t\t\t\t<div class=\"elementor-container elementor-column-gap-default\">\n\t\t\t\t\t<div class=\"elementor-column elementor-col-100 elementor-top-column elementor-element elementor-element-b40ee48\" data-id=\"b40ee48\" data-element_type=\"column\">\n\t\t\t<div class=\"elementor-widget-wrap elementor-element-populated\">\n\t\t\t\t\t\t<div class=\"elementor-element elementor-element-f299a30 elementor-widget elementor-widget-text-editor\" data-id=\"f299a30\" data-element_type=\"widget\" data-widget_type=\"text-editor.default\">\n\t\t\t\t<div class=\"elementor-widget-container\">\n\t\t\t\t\t\t\t<p><strong>\u201eJazz &#8211; to nie gryzie\u201d<\/strong>, to warsztaty podzielone na modu\u0142y:<\/p><p>1) Parada z Nowego Orleanu<br \/>2) Blues<br \/>3) Muzyta Latynoska<br \/>4) Polska muzyka Ludowa<br \/>5) Ca\u0142y ten swing<\/p><p>Podczas zaj\u0119\u0107 uczestnicy poznaj\u0105 te\u017c wiele instrument\u00f3w, jak Puzon, tr\u0105bka, fortepian, perkusjonalia.<\/p>\t\t\t\t\t\t<\/div>\n\t\t\t\t<\/div>\n\t\t\t\t\t<\/div>\n\t\t<\/div>\n\t\t\t\t\t<\/div>\n\t\t<\/section>\n\t\t\t\t<section class=\"elementor-section elementor-top-section elementor-element elementor-element-d7dbca1 elementor-section-boxed elementor-section-height-default elementor-section-height-default\" data-id=\"d7dbca1\" data-element_type=\"section\">\n\t\t\t\t\t\t<div class=\"elementor-container elementor-column-gap-default\">\n\t\t\t\t\t<div class=\"elementor-column elementor-col-100 elementor-top-column elementor-element elementor-element-ad68f03\" data-id=\"ad68f03\" data-element_type=\"column\">\n\t\t\t<div class=\"elementor-widget-wrap elementor-element-populated\">\n\t\t\t\t\t\t<div class=\"elementor-element elementor-element-c7f40cd elementor-widget elementor-widget-image\" data-id=\"c7f40cd\" data-element_type=\"widget\" data-widget_type=\"image.default\">\n\t\t\t\t<div class=\"elementor-widget-container\">\n\t\t\t\t\t\t\t\t\t\t\t\t\t<img decoding=\"async\" width=\"940\" height=\"788\" src=\"https:\/\/www.rogalamusic.com\/wp-content\/uploads\/2025\/07\/Wy-tworzy-My.jpg\" class=\"attachment-large size-large wp-image-1302\" alt=\"\" srcset=\"https:\/\/www.rogalamusic.com\/wp-content\/uploads\/2025\/07\/Wy-tworzy-My.jpg 940w, https:\/\/www.rogalamusic.com\/wp-content\/uploads\/2025\/07\/Wy-tworzy-My-300x251.jpg 300w, https:\/\/www.rogalamusic.com\/wp-content\/uploads\/2025\/07\/Wy-tworzy-My-768x644.jpg 768w, https:\/\/www.rogalamusic.com\/wp-content\/uploads\/2025\/07\/Wy-tworzy-My-14x12.jpg 14w, https:\/\/www.rogalamusic.com\/wp-content\/uploads\/2025\/07\/Wy-tworzy-My-24x20.jpg 24w, https:\/\/www.rogalamusic.com\/wp-content\/uploads\/2025\/07\/Wy-tworzy-My-36x30.jpg 36w, https:\/\/www.rogalamusic.com\/wp-content\/uploads\/2025\/07\/Wy-tworzy-My-48x40.jpg 48w, https:\/\/www.rogalamusic.com\/wp-content\/uploads\/2025\/07\/Wy-tworzy-My-600x503.jpg 600w\" sizes=\"(max-width: 940px) 100vw, 940px\" \/>\t\t\t\t\t\t\t\t\t\t\t\t\t<\/div>\n\t\t\t\t<\/div>\n\t\t\t\t\t<\/div>\n\t\t<\/div>\n\t\t\t\t\t<\/div>\n\t\t<\/section>\n\t\t\t\t<section class=\"elementor-section elementor-top-section elementor-element elementor-element-211846d elementor-section-boxed elementor-section-height-default elementor-section-height-default\" data-id=\"211846d\" data-element_type=\"section\">\n\t\t\t\t\t\t<div class=\"elementor-container elementor-column-gap-default\">\n\t\t\t\t\t<div class=\"elementor-column elementor-col-100 elementor-top-column elementor-element elementor-element-e2590db\" data-id=\"e2590db\" data-element_type=\"column\">\n\t\t\t<div class=\"elementor-widget-wrap elementor-element-populated\">\n\t\t\t\t\t\t<div class=\"elementor-element elementor-element-1c47169 elementor-widget elementor-widget-text-editor\" data-id=\"1c47169\" data-element_type=\"widget\" data-widget_type=\"text-editor.default\">\n\t\t\t\t<div class=\"elementor-widget-container\">\n\t\t\t\t\t\t\t<p>Aby otrzyma\u0107 dedykowan\u0105 do okre\u015blonego wieku ofert\u0119, prosimy o przes\u0142anie zapytania na adres:<br \/>rogalamusic@gmail.com<\/p>\t\t\t\t\t\t<\/div>\n\t\t\t\t<\/div>\n\t\t\t\t\t<\/div>\n\t\t<\/div>\n\t\t\t\t\t<\/div>\n\t\t<\/section>\n\t\t\t\t<\/div>","protected":false},"excerpt":{"rendered":"<p>Warsztaty Muzyczne Dedykowane zar\u00f3wno dla maluszk\u00f3w, dzieci w wieku przedszkolnym, szkolnym,jak i nastolatk\u00f3w.Autorskie warsztaty Grzegorza Rogali budz\u0105 ciekawo\u015b\u0107 muzyki.U najm\u0142odszych odbywa si\u0119 to g\u0142\u00f3wnie przez zabaw\u0119 i piosenki.U nieco starszych dochodzi element wsp\u00f3\u0142pracy i koordynacjiU jeszcze starszych inspirowanie do tw\u00f3rczo\u015bci w\u0142asnej i ciekawie poprowadzona gaw\u0119da. \u201eJazz &#8211; to nie gryzie\u201d, to warsztaty podzielone na modu\u0142y:&hellip;&nbsp;<a href=\"https:\/\/www.rogalamusic.com\/en\/warsztaty-muzyczne\/\" class=\"\" rel=\"bookmark\">Read More &raquo;<span class=\"screen-reader-text\">Music Workshops<\/span><\/a><\/p>","protected":false},"author":1,"featured_media":0,"parent":0,"menu_order":0,"comment_status":"closed","ping_status":"closed","template":"page-templates\/template-pagebuilder-full-width.php","meta":{"neve_meta_sidebar":"","neve_meta_container":"","neve_meta_enable_content_width":"","neve_meta_content_width":0,"neve_meta_title_alignment":"","neve_meta_author_avatar":"","neve_post_elements_order":"","neve_meta_disable_header":"","neve_meta_disable_footer":"","neve_meta_disable_title":"","footnotes":""},"_links":{"self":[{"href":"https:\/\/www.rogalamusic.com\/en\/wp-json\/wp\/v2\/pages\/1265"}],"collection":[{"href":"https:\/\/www.rogalamusic.com\/en\/wp-json\/wp\/v2\/pages"}],"about":[{"href":"https:\/\/www.rogalamusic.com\/en\/wp-json\/wp\/v2\/types\/page"}],"author":[{"embeddable":true,"href":"https:\/\/www.rogalamusic.com\/en\/wp-json\/wp\/v2\/users\/1"}],"replies":[{"embeddable":true,"href":"https:\/\/www.rogalamusic.com\/en\/wp-json\/wp\/v2\/comments?post=1265"}],"version-history":[{"count":19,"href":"https:\/\/www.rogalamusic.com\/en\/wp-json\/wp\/v2\/pages\/1265\/revisions"}],"predecessor-version":[{"id":1324,"href":"https:\/\/www.rogalamusic.com\/en\/wp-json\/wp\/v2\/pages\/1265\/revisions\/1324"}],"wp:attachment":[{"href":"https:\/\/www.rogalamusic.com\/en\/wp-json\/wp\/v2\/media?parent=1265"}],"curies":[{"name":"wp","href":"https:\/\/api.w.org\/{rel}","templated":true}]}}