{"id":1262,"date":"2025-07-08T09:24:40","date_gmt":"2025-07-08T07:24:40","guid":{"rendered":"https:\/\/www.rogalamusic.com\/?page_id=1262"},"modified":"2026-01-16T13:09:10","modified_gmt":"2026-01-16T12:09:10","slug":"p-g-r-native-jazz-trio","status":"publish","type":"page","link":"https:\/\/www.rogalamusic.com\/en\/p-g-r-native-jazz-trio\/","title":{"rendered":"P.G.R. &#8211; Native Jazz Trio"},"content":{"rendered":"<div data-elementor-type=\"wp-page\" data-elementor-id=\"1262\" class=\"elementor elementor-1262\">\n\t\t\t\t\t\t<section class=\"elementor-section elementor-top-section elementor-element elementor-element-8659d9c elementor-section-boxed elementor-section-height-default elementor-section-height-default\" data-id=\"8659d9c\" data-element_type=\"section\">\n\t\t\t\t\t\t<div class=\"elementor-container elementor-column-gap-default\">\n\t\t\t\t\t<div class=\"elementor-column elementor-col-100 elementor-top-column elementor-element elementor-element-f00e34d\" data-id=\"f00e34d\" data-element_type=\"column\">\n\t\t\t<div class=\"elementor-widget-wrap elementor-element-populated\">\n\t\t\t\t\t\t<div class=\"elementor-element elementor-element-493d3ff elementor-widget elementor-widget-image\" data-id=\"493d3ff\" data-element_type=\"widget\" data-widget_type=\"image.default\">\n\t\t\t\t<div class=\"elementor-widget-container\">\n\t\t\t\t\t\t\t\t\t\t\t\t\t<img fetchpriority=\"high\" decoding=\"async\" width=\"1024\" height=\"538\" src=\"https:\/\/www.rogalamusic.com\/wp-content\/uploads\/2026\/01\/Baner-NJT-jpg-1024x538.jpg\" class=\"attachment-large size-large wp-image-1470\" alt=\"\" srcset=\"https:\/\/www.rogalamusic.com\/wp-content\/uploads\/2026\/01\/Baner-NJT-jpg-1024x538.jpg 1024w, https:\/\/www.rogalamusic.com\/wp-content\/uploads\/2026\/01\/Baner-NJT-jpg-300x157.jpg 300w, https:\/\/www.rogalamusic.com\/wp-content\/uploads\/2026\/01\/Baner-NJT-jpg-768x403.jpg 768w, https:\/\/www.rogalamusic.com\/wp-content\/uploads\/2026\/01\/Baner-NJT-jpg-18x9.jpg 18w, https:\/\/www.rogalamusic.com\/wp-content\/uploads\/2026\/01\/Baner-NJT-jpg-24x13.jpg 24w, https:\/\/www.rogalamusic.com\/wp-content\/uploads\/2026\/01\/Baner-NJT-jpg-36x19.jpg 36w, https:\/\/www.rogalamusic.com\/wp-content\/uploads\/2026\/01\/Baner-NJT-jpg-48x25.jpg 48w, https:\/\/www.rogalamusic.com\/wp-content\/uploads\/2026\/01\/Baner-NJT-jpg-600x315.jpg 600w, https:\/\/www.rogalamusic.com\/wp-content\/uploads\/2026\/01\/Baner-NJT-jpg.jpg 1181w\" sizes=\"(max-width: 1024px) 100vw, 1024px\" \/>\t\t\t\t\t\t\t\t\t\t\t\t\t<\/div>\n\t\t\t\t<\/div>\n\t\t\t\t\t<\/div>\n\t\t<\/div>\n\t\t\t\t\t<\/div>\n\t\t<\/section>\n\t\t\t\t<section class=\"elementor-section elementor-top-section elementor-element elementor-element-af3cc38 elementor-section-boxed elementor-section-height-default elementor-section-height-default\" data-id=\"af3cc38\" data-element_type=\"section\">\n\t\t\t\t\t\t<div class=\"elementor-container elementor-column-gap-default\">\n\t\t\t\t\t<div class=\"elementor-column elementor-col-100 elementor-top-column elementor-element elementor-element-1e3ad72\" data-id=\"1e3ad72\" data-element_type=\"column\">\n\t\t\t<div class=\"elementor-widget-wrap elementor-element-populated\">\n\t\t\t\t\t\t<div class=\"elementor-element elementor-element-35d20f0 elementor-widget elementor-widget-image\" data-id=\"35d20f0\" data-element_type=\"widget\" data-widget_type=\"image.default\">\n\t\t\t\t<div class=\"elementor-widget-container\">\n\t\t\t\t\t\t\t\t\t\t\t\t\t<img decoding=\"async\" width=\"1024\" height=\"538\" src=\"https:\/\/www.rogalamusic.com\/wp-content\/uploads\/2026\/01\/baner_NJT_09_2025_3-1024x538.png\" class=\"attachment-large size-large wp-image-1471\" alt=\"\" srcset=\"https:\/\/www.rogalamusic.com\/wp-content\/uploads\/2026\/01\/baner_NJT_09_2025_3-1024x538.png 1024w, https:\/\/www.rogalamusic.com\/wp-content\/uploads\/2026\/01\/baner_NJT_09_2025_3-300x157.png 300w, https:\/\/www.rogalamusic.com\/wp-content\/uploads\/2026\/01\/baner_NJT_09_2025_3-768x403.png 768w, https:\/\/www.rogalamusic.com\/wp-content\/uploads\/2026\/01\/baner_NJT_09_2025_3-18x9.png 18w, https:\/\/www.rogalamusic.com\/wp-content\/uploads\/2026\/01\/baner_NJT_09_2025_3-24x13.png 24w, https:\/\/www.rogalamusic.com\/wp-content\/uploads\/2026\/01\/baner_NJT_09_2025_3-36x19.png 36w, https:\/\/www.rogalamusic.com\/wp-content\/uploads\/2026\/01\/baner_NJT_09_2025_3-48x25.png 48w, https:\/\/www.rogalamusic.com\/wp-content\/uploads\/2026\/01\/baner_NJT_09_2025_3-600x315.png 600w, https:\/\/www.rogalamusic.com\/wp-content\/uploads\/2026\/01\/baner_NJT_09_2025_3.png 1181w\" sizes=\"(max-width: 1024px) 100vw, 1024px\" \/>\t\t\t\t\t\t\t\t\t\t\t\t\t<\/div>\n\t\t\t\t<\/div>\n\t\t\t\t\t<\/div>\n\t\t<\/div>\n\t\t\t\t\t<\/div>\n\t\t<\/section>\n\t\t\t\t<section class=\"elementor-section elementor-top-section elementor-element elementor-element-5109924 elementor-section-boxed elementor-section-height-default elementor-section-height-default\" data-id=\"5109924\" data-element_type=\"section\">\n\t\t\t\t\t\t<div class=\"elementor-container elementor-column-gap-default\">\n\t\t\t\t\t<div class=\"elementor-column elementor-col-100 elementor-top-column elementor-element elementor-element-c80c796\" data-id=\"c80c796\" data-element_type=\"column\">\n\t\t\t<div class=\"elementor-widget-wrap elementor-element-populated\">\n\t\t\t\t\t\t<div class=\"elementor-element elementor-element-9c24e7c elementor-widget elementor-widget-video\" data-id=\"9c24e7c\" data-element_type=\"widget\" data-settings=\"{&quot;youtube_url&quot;:&quot;https:\\\/\\\/www.youtube.com\\\/watch?v=tPGoQcoV1NY&quot;,&quot;video_type&quot;:&quot;youtube&quot;,&quot;controls&quot;:&quot;yes&quot;}\" data-widget_type=\"video.default\">\n\t\t\t\t<div class=\"elementor-widget-container\">\n\t\t\t\t\t<div class=\"elementor-wrapper elementor-open-inline\">\n\t\t\t<div class=\"elementor-video\"><\/div>\t\t<\/div>\n\t\t\t\t<\/div>\n\t\t\t\t<\/div>\n\t\t\t\t\t<\/div>\n\t\t<\/div>\n\t\t\t\t\t<\/div>\n\t\t<\/section>\n\t\t\t\t<section class=\"elementor-section elementor-top-section elementor-element elementor-element-0c528cf elementor-section-boxed elementor-section-height-default elementor-section-height-default\" data-id=\"0c528cf\" data-element_type=\"section\">\n\t\t\t\t\t\t<div class=\"elementor-container elementor-column-gap-default\">\n\t\t\t\t\t<div class=\"elementor-column elementor-col-100 elementor-top-column elementor-element elementor-element-f72af10\" data-id=\"f72af10\" data-element_type=\"column\">\n\t\t\t<div class=\"elementor-widget-wrap elementor-element-populated\">\n\t\t\t\t\t\t<div class=\"elementor-element elementor-element-889d570 elementor-widget elementor-widget-text-editor\" data-id=\"889d570\" data-element_type=\"widget\" data-widget_type=\"text-editor.default\">\n\t\t\t\t<div class=\"elementor-widget-container\">\n\t\t\t\t\t\t\t<h4>P.G.R. &#8211; Native Jazz Trio wyst\u0119puje w dw\u00f3ch ods\u0142onach: z Louisem Durr\u0105 na fortepianie lub Frankiem Parkerem na perkusji<\/h4>\t\t\t\t\t\t<\/div>\n\t\t\t\t<\/div>\n\t\t\t\t\t<\/div>\n\t\t<\/div>\n\t\t\t\t\t<\/div>\n\t\t<\/section>\n\t\t\t\t<section class=\"elementor-section elementor-top-section elementor-element elementor-element-7677461 elementor-section-boxed elementor-section-height-default elementor-section-height-default\" data-id=\"7677461\" data-element_type=\"section\">\n\t\t\t\t\t\t<div class=\"elementor-container elementor-column-gap-default\">\n\t\t\t\t\t<div class=\"elementor-column elementor-col-100 elementor-top-column elementor-element elementor-element-594ac4f\" data-id=\"594ac4f\" data-element_type=\"column\">\n\t\t\t<div class=\"elementor-widget-wrap elementor-element-populated\">\n\t\t\t\t\t\t<div class=\"elementor-element elementor-element-baab825 elementor-widget elementor-widget-text-editor\" data-id=\"baab825\" data-element_type=\"widget\" data-widget_type=\"text-editor.default\">\n\t\t\t\t<div class=\"elementor-widget-container\">\n\t\t\t<style>.elementor-element-baab825{display:none !important}<\/style>\t\t<\/div>\n\t\t\t\t<\/div>\n\t\t\t\t\t<\/div>\n\t\t<\/div>\n\t\t\t\t\t<\/div>\n\t\t<\/section>\n\t\t\t\t<section class=\"elementor-section elementor-top-section elementor-element elementor-element-755eeaf elementor-section-boxed elementor-section-height-default elementor-section-height-default\" data-id=\"755eeaf\" data-element_type=\"section\">\n\t\t\t\t\t\t<div class=\"elementor-container elementor-column-gap-default\">\n\t\t\t\t\t<div class=\"elementor-column elementor-col-100 elementor-top-column elementor-element elementor-element-804bd5a\" data-id=\"804bd5a\" data-element_type=\"column\">\n\t\t\t<div class=\"elementor-widget-wrap elementor-element-populated\">\n\t\t\t\t\t\t<div class=\"elementor-element elementor-element-3d5532b elementor-widget elementor-widget-text-editor\" data-id=\"3d5532b\" data-element_type=\"widget\" data-no-translation=\"\" data-widget_type=\"text-editor.default\">\n\t\t\t\t<div class=\"elementor-widget-container\">\n\t\t\t\t\t\t\t<h5>P.G.R. &#8211; Native Jazz Trio offers a jazz-centric exploration of a given region&#8217;s culture. Each jazz musician, hailing from the country to which we&#8217;ll be transported during the concert, is responsible for the authenticity of their presentation. Listening to jazz, we&#8217;re transported to the willow-shrouded banks of the Vistula River, the rugged Scandinavian islands, or the west coast of the USA \u2013 to sunny California.<\/h5><h5>Upcoming Concerts:<br \/>19\/09 &#8211; Radom \/ \u0141a\u017ania<br \/>20\/09 &#8211; \u0141ask \/ \u0141ask Cultural Center<br \/>21\/09 &#8211; \u017byrard\u00f3w \/ &#8222;Pola Lnu&#8221; Restaurant<\/h5><h5>P.G.R. \u2013 Projekt Grzegorza Rogali, is a jazz project expressing the idea of combining cultures and musical genres. The concept includes a dialogue between Polish, Jewish and classical music. We can find out about it by listening to 4 CDs. First two albums shown leader&#8217;s perspective of\u00a0 world-Jazz. Recent two albums P.G.R. \u2013 \u201ePolish Psalter\u201d combined jazz with early music.\u00a0<\/h5><h5>P.G.R. received a scholarship from the Berklee College of Music twice, his music has been hosted on the UK Jazz Radio and on many music stages in the USA, Poland, Lithuania, Ukraine, Germany, Sweden, France, i.e. : Jazz in the Ruins, G\u0142og\u00f3w International Jazz Meetings. The White Stork Synagogue, the Museum of the History of Polish Jews, Flugery Lvova, the Stockholm Jazz Festival, St. Merry church in Paris\u00a0<\/h5><h4>The next edition of the formation is the P.G.R. &#8211; Native Jazz Trio<\/h4><h5 style=\"text-align: left;\">Jazz, which is global, uses local musical cultures. There are &#8222;ethnos&#8221; that provide it with constant freshness.<br \/>Native Jazz trio proposes getting to know the culture of a given region from the jazz perspective.<br \/>Thus, listening to jazz, we are transported to the willow-covered banks of the Vistula river, the raw Scandinavian islands, or to the West Coast of America &#8211; the sunny California.The choice of these three idioms is not accidental. For a listener in the central part of Europe,<br \/>the achievements of American Jazz, which has become a kind of matrix of the genre, are certainly important.<br \/>Here we will hear strongly outlined blues, harmony perpetuated by Broadway and Hollywood standards, and swing! The Califorinian pianist &#8211; Louis Durra will be responsible for the transmission of these.<br \/>Minimalist melodies and nostalgic harmony characterize Scandinavian jazz.<br \/>Coolness that allows you to forget and travel far away from here &#8211; in this we will be helped by the double bassist from Stockholm: Anders Grop.<br \/>Upon this background, Polish Jazz balances somewhere in the middle. We have Komeda&#8217;s work, which has melody and Chopin&#8217;s melancholy &#8211; so appealing to Scandinavians who played with the author of &#8222;Sleep, safe and warm&#8221;. And the famous American jazz standards (Invitation, On green dolphin street) are by Bronis\u0142aw Kaper &#8211; a Polish composer who emigrated to the USA to make a career here as a composer of music for Hollywood films.<\/h5><h5 style=\"text-align: left;\">Musicians contributing in the project:<\/h5><h5 style=\"text-align: left;\">Louis Durra &#8211; piano<br \/>As a teenager Louis was already accompanying theater groups and jazz choirs on the piano. After studying at Berklee College of Music, he moved to Los Angeles and worked as a freelance musician. He has recorded six albums under his own name and is active as a collaborator with other artists. His albums \u201cThe Best of All Possible Worlds\u201d and \u201cRocket Science\u201d were both successful on radio in North America, and he has performed at the Scottish Fringe Festival to glowing reviews. Since 2013 Louis has made his home in Berlin.\u00a0 During the Corona lockdown, he began combining music with video, becoming a YouTube artist.<\/h5><h5 style=\"text-align: left;\">Anders Grop &#8211; double bass<br \/>Originally from Stockholm, Sweden, has been living in Berlin since 2001. He studied ensemble conducting at the Stockholm Musical Institute and has worked as a freelance musician and music teacher in the field of jazz and popular music since 1995. Since 2007, he has been a jazz ensemble instructor at the Berlin Jazz School. As a bassist, he plays in numerous Berlin ensembles and was a member of the Berlin Big Band and the Flintstones Big Band. He also works as a theater musician in variousBerlin theaters and has toured Scandinavia, Germany, France, Greece, Poland, Russia, and the USA.<\/h5><h5 style=\"text-align: left;\">Grzegorz Rogala \u2013 Trombone\/Looper\/Leader<br \/>A graduate of the Jazz Institut Berlin. Scholarship holder Berklee College of Music (Boston). He studied with Jiggs Whigham, and Phil Wilson.<br \/>Achievements: individual distinction at the FAMA festival (2005), winner of the festivals: Nadzieje Warszawy and the Berlin Jazz &amp; Blues Award (with the Kattorna band). Member of the international bigband European Colors Jazz Orchestra. Winner of the Phil Wilson Award. (2009).<br \/>Discography: \u201eKattorna\u201d \u2013 Kattorna (2007)\u201eStraying To The Moon\u201d \u2013 Kattorna (2010),<br \/>\u201eEnthuzjazzm\u201c \u2013 P.G.R. (2011), \u201eBallady i Transe\u201d \u2013 Agnellus (2012), \u201ePoezjazz\u201d \u2013 PGR &amp; Zilberman (2014), \u201eKapela Polonica\u201d \u2013 G.F. Telemann (2018 \u2013 Producer)<br \/>\u201eBal dlaubogich.Tribute to Tuwim\u201d \u2013 Agnellus (2019) \u201ePolish Psalter\u201d \u2013 P.G.R. (2020)<br \/>\u201ePolish Psalter vol. 2\u201d \u2013 P.G.R. (2023), \u201ePie\u015bni Wolno\u015bci\u201d (2023)Leader of such projects\u00a0<br \/>He has performed at festivals such as: Krzysztof Komeda\u2019s Festival, Summer Jazz Academy, G\u0142ogowskie Jazz Meetings, Jazz in Ruins, Od Nowa Jazz Festival, Ancona Summer Jazz (Italy), Marigliano Jazz Festival (Italy), Leipziger Jazz Tage (Germany), Sounds no Walls (Germany), Jazz Ahead (Germany), Flugery Lwowa (Ukraine), Stockholm Jazz Festival (Sweden),In year 2018 he composed music to poems of Polish Poets from XIX-XXIc. and arranged for soprano and string quartet in frame of funded by Polish Culture Ministry programm: \u201eIndependent\u201d.<br \/>Collaboration: Maciej Obara, Grzech Piotrowski, \u0141ukasz Pawlik, W\u0142odek Pawlik, Pawe\u0142 Pa\u0144ta, Cezary Konrad, Maciej Sika\u0142a, Rosario Guliani, Roman Ott, Wiliam Cepeda,\u00a0\u00a0<\/h5><h5>\u00a0<\/h5>\t\t\t\t\t\t<\/div>\n\t\t\t\t<\/div>\n\t\t\t\t<div class=\"elementor-element elementor-element-fab8eb9 elementor-widget elementor-widget-text-editor\" data-id=\"fab8eb9\" data-element_type=\"widget\" data-widget_type=\"text-editor.default\">\n\t\t\t\t<div class=\"elementor-widget-container\">\n\t\t\t\t\t\t\t\t\t\t\t\t\t<\/div>\n\t\t\t\t<\/div>\n\t\t\t\t\t<\/div>\n\t\t<\/div>\n\t\t\t\t\t<\/div>\n\t\t<\/section>\n\t\t\t\t<section class=\"elementor-section elementor-top-section elementor-element elementor-element-215346d elementor-section-boxed elementor-section-height-default elementor-section-height-default\" data-id=\"215346d\" data-element_type=\"section\">\n\t\t\t\t\t\t<div class=\"elementor-container elementor-column-gap-default\">\n\t\t\t\t\t<div class=\"elementor-column elementor-col-100 elementor-top-column elementor-element elementor-element-2df7ff1\" data-id=\"2df7ff1\" data-element_type=\"column\">\n\t\t\t<div class=\"elementor-widget-wrap\">\n\t\t\t\t\t\t\t<\/div>\n\t\t<\/div>\n\t\t\t\t\t<\/div>\n\t\t<\/section>\n\t\t\t\t<\/div>","protected":false},"excerpt":{"rendered":"<p>https:\/\/www.youtube.com\/watch?v=tPGoQcoV1NY P.G.R. &#8211; Native Jazz Trio wyst\u0119puje w dw\u00f3ch ods\u0142onach: z Louisem Durr\u0105 na fortepianie lub Frankiem Parkerem na perkusji P.G.R. &#8211; Native Jazz Trio proponuje poznanie kultury danego rejonu od strony jazzu. Za autentyczno\u015b\u0107 przekazu odpowiada ka\u017cdy z jazzman\u00f3w, wywodz\u0105cy si\u0119 z kraju, do kt\u00f3rego przeniesiemy si\u0119 podczas koncertu. Tak wi\u0119c s\u0142uchaj\u0105c jazzu przenosimy&hellip;&nbsp;<a href=\"https:\/\/www.rogalamusic.com\/en\/p-g-r-native-jazz-trio\/\" class=\"\" rel=\"bookmark\">Read More &raquo;<span class=\"screen-reader-text\">P.G.R. &#8211; Native Jazz Trio<\/span><\/a><\/p>","protected":false},"author":1,"featured_media":0,"parent":0,"menu_order":0,"comment_status":"closed","ping_status":"closed","template":"","meta":{"neve_meta_sidebar":"","neve_meta_container":"","neve_meta_enable_content_width":"","neve_meta_content_width":0,"neve_meta_title_alignment":"","neve_meta_author_avatar":"","neve_post_elements_order":"","neve_meta_disable_header":"","neve_meta_disable_footer":"","neve_meta_disable_title":"","footnotes":""},"_links":{"self":[{"href":"https:\/\/www.rogalamusic.com\/en\/wp-json\/wp\/v2\/pages\/1262"}],"collection":[{"href":"https:\/\/www.rogalamusic.com\/en\/wp-json\/wp\/v2\/pages"}],"about":[{"href":"https:\/\/www.rogalamusic.com\/en\/wp-json\/wp\/v2\/types\/page"}],"author":[{"embeddable":true,"href":"https:\/\/www.rogalamusic.com\/en\/wp-json\/wp\/v2\/users\/1"}],"replies":[{"embeddable":true,"href":"https:\/\/www.rogalamusic.com\/en\/wp-json\/wp\/v2\/comments?post=1262"}],"version-history":[{"count":79,"href":"https:\/\/www.rogalamusic.com\/en\/wp-json\/wp\/v2\/pages\/1262\/revisions"}],"predecessor-version":[{"id":1483,"href":"https:\/\/www.rogalamusic.com\/en\/wp-json\/wp\/v2\/pages\/1262\/revisions\/1483"}],"wp:attachment":[{"href":"https:\/\/www.rogalamusic.com\/en\/wp-json\/wp\/v2\/media?parent=1262"}],"curies":[{"name":"wp","href":"https:\/\/api.w.org\/{rel}","templated":true}]}}